{"id":10000,"date":"2024-05-02T22:41:54","date_gmt":"2024-05-03T02:41:54","guid":{"rendered":"https:\/\/lgl.com\/notre-equipe\/"},"modified":"2024-12-09T23:46:26","modified_gmt":"2024-12-10T04:46:26","slug":"notre-equipe","status":"publish","type":"page","link":"https:\/\/lgl.com\/fr\/notre-equipe\/","title":{"rendered":"Notre \u00e9quipe"},"content":{"rendered":"\t\t<div data-elementor-type=\"wp-page\" data-elementor-id=\"10000\" class=\"elementor elementor-10000 elementor-9877\" data-elementor-post-type=\"page\">\n\t\t\t\t\t\t<section class=\"elementor-section elementor-top-section elementor-element elementor-element-62d16c8 elementor-section-stretched elementor-section-height-min-height elementor-reverse-mobile service_fold elementor-section-boxed elementor-section-height-default elementor-section-items-middle\" data-id=\"62d16c8\" data-element_type=\"section\" data-settings=\"{&quot;stretch_section&quot;:&quot;section-stretched&quot;,&quot;background_background&quot;:&quot;classic&quot;}\">\n\t\t\t\t\t\t\t<div class=\"elementor-background-overlay\"><\/div>\n\t\t\t\t\t\t\t<div class=\"elementor-container elementor-column-gap-wider\">\n\t\t\t\t\t<div class=\"elementor-column elementor-col-50 elementor-top-column elementor-element elementor-element-cfd00de\" data-id=\"cfd00de\" data-element_type=\"column\">\n\t\t\t<div class=\"elementor-widget-wrap elementor-element-populated\">\n\t\t\t\t\t\t<div class=\"elementor-element elementor-element-7ef31fa elementor-widget elementor-widget-text-editor\" data-id=\"7ef31fa\" data-element_type=\"widget\" data-widget_type=\"text-editor.default\">\n\t\t\t\t\t\t\t\t\t<h3 class=\"services_title\">NOTRE \u00c9QUIPE<\/h3>\t\t\t\t\t\t\t\t<\/div>\n\t\t\t\t\t<\/div>\n\t\t<\/div>\n\t\t\t\t<div class=\"elementor-column elementor-col-50 elementor-top-column elementor-element elementor-element-cfeb70f\" data-id=\"cfeb70f\" data-element_type=\"column\">\n\t\t\t<div class=\"elementor-widget-wrap\">\n\t\t\t\t\t\t\t<\/div>\n\t\t<\/div>\n\t\t\t\t\t<\/div>\n\t\t<\/section>\n\t\t\t\t<section class=\"elementor-section elementor-top-section elementor-element elementor-element-9928a3e elementor-section-stretched elementor-section-full_width elementor-reverse-mobile elementor-section-height-default elementor-section-height-default\" data-id=\"9928a3e\" data-element_type=\"section\" data-settings=\"{&quot;stretch_section&quot;:&quot;section-stretched&quot;,&quot;background_background&quot;:&quot;classic&quot;}\">\n\t\t\t\t\t\t<div class=\"elementor-container elementor-column-gap-no\">\n\t\t\t\t\t<div class=\"elementor-column elementor-col-50 elementor-top-column elementor-element elementor-element-fa4e631 services_photo elementor-hidden-mobile\" data-id=\"fa4e631\" data-element_type=\"column\" data-settings=\"{&quot;background_background&quot;:&quot;classic&quot;}\">\n\t\t\t<div class=\"elementor-widget-wrap\">\n\t\t\t\t\t\t\t<\/div>\n\t\t<\/div>\n\t\t\t\t<div class=\"elementor-column elementor-col-50 elementor-top-column elementor-element elementor-element-54210e6\" data-id=\"54210e6\" data-element_type=\"column\" data-settings=\"{&quot;background_background&quot;:&quot;classic&quot;}\">\n\t\t\t<div class=\"elementor-widget-wrap elementor-element-populated\">\n\t\t\t\t\t\t<section class=\"elementor-section elementor-inner-section elementor-element elementor-element-a40ee01 elementor-section-full_width elementor-section-height-default elementor-section-height-default\" data-id=\"a40ee01\" data-element_type=\"section\">\n\t\t\t\t\t\t<div class=\"elementor-container elementor-column-gap-wide\">\n\t\t\t\t\t<div class=\"elementor-column elementor-col-100 elementor-inner-column elementor-element elementor-element-7092af8\" data-id=\"7092af8\" data-element_type=\"column\">\n\t\t\t<div class=\"elementor-widget-wrap elementor-element-populated\">\n\t\t\t\t\t\t<div class=\"elementor-element elementor-element-d1f9e7f elementor-widget elementor-widget-heading\" data-id=\"d1f9e7f\" data-element_type=\"widget\" data-widget_type=\"heading.default\">\n\t\t\t\t\t<h2 class=\"elementor-heading-title elementor-size-default\">Qui sommes-nous<\/h2>\t\t\t\t<\/div>\n\t\t\t\t<div class=\"elementor-element elementor-element-c568b25 elementor-widget elementor-widget-text-editor\" data-id=\"c568b25\" data-element_type=\"widget\" data-widget_type=\"text-editor.default\">\n\t\t\t\t\t\t\t\t\t<p>Le LGL dispose d&rsquo;une \u00e9quipe de professionnels \u00e0 temps plein, sp\u00e9cialis\u00e9s dans un large \u00e9ventail de disciplines, telles que les oiseaux, les mammif\u00e8res (terrestres et marins), les reptiles, les amphibiens, les poissons et les invert\u00e9br\u00e9s ; l&rsquo;\u00e9cologie des eaux douces, marines, terrestres et des zones humides ; l&rsquo;\u00e9valuation des habitats, les effets des perturbations ; l&rsquo;\u00e9valuation environnementale ; la restauration \u00e9cologique ; la surveillance ; la g\u00e9ologie ; la planification environnementale ; les SIG et l&rsquo;analyse des donn\u00e9es. Plusieurs membres du personnel sont des experts internationalement reconnus dans leur domaine, participant r\u00e9guli\u00e8rement \u00e0 des comit\u00e9s et conf\u00e9rences internationaux et publiant r\u00e9guli\u00e8rement dans la litt\u00e9rature scientifique primaire. Les cadres sup\u00e9rieurs t\u00e9moignent souvent en tant qu&rsquo;experts lors d&rsquo;auditions et d&rsquo;autres forums publics. En outre, LGL est tr\u00e8s efficace dans la constitution d&rsquo;\u00e9quipes de projet, faisant appel, le cas \u00e9ch\u00e9ant, \u00e0 l&rsquo;expertise de sa liste de consultants sp\u00e9cialis\u00e9s dans d&rsquo;autres entreprises et dans le monde universitaire.<\/p>\n<p>L&rsquo;une des cl\u00e9s du succ\u00e8s de LGL est la stabilit\u00e9 de l&rsquo;entreprise, qui se traduit par une faible rotation du personnel. Plusieurs membres du personnel travaillent pour LGL depuis 30 ans ou plus. Cette exp\u00e9rience permet \u00e0 LGL de mener \u00e0 bien ses missions de mani\u00e8re efficace, dans le respect des d\u00e9lais et du budget, et avec un haut degr\u00e9 de comp\u00e9tence scientifique. En outre, l&rsquo;entreprise continue d&#8217;embaucher de nouveaux employ\u00e9s prometteurs afin d&rsquo;\u00e9tendre ses capacit\u00e9s dans des domaines tels que les SIG, l&rsquo;\u00e9valuation environnementale, la gestion de la faune et de la flore sauvages et la gestion de la p\u00eache.<\/p>\n\t\t\t\t\t\t\t\t<\/div>\n\t\t\t\t\t<\/div>\n\t\t<\/div>\n\t\t\t\t\t<\/div>\n\t\t<\/section>\n\t\t\t\t<section class=\"elementor-section elementor-inner-section elementor-element elementor-element-d638d3c elementor-section-boxed elementor-section-height-default elementor-section-height-default\" data-id=\"d638d3c\" data-element_type=\"section\">\n\t\t\t\t\t\t<div class=\"elementor-container elementor-column-gap-custom\">\n\t\t\t\t\t<div class=\"elementor-column elementor-col-33 elementor-inner-column elementor-element elementor-element-d56b16b\" data-id=\"d56b16b\" data-element_type=\"column\">\n\t\t\t<div class=\"elementor-widget-wrap elementor-element-populated\">\n\t\t\t\t\t\t<div class=\"elementor-element elementor-element-1c870cd elementor-mobile-align-center elementor-tablet-align-center elementor-widget-mobile__width-initial cta_employ elementor-align-center elementor-widget elementor-widget-button\" data-id=\"1c870cd\" data-element_type=\"widget\" data-widget_type=\"button.default\">\n\t\t\t\t\t\t\t\t\t\t<a class=\"elementor-button elementor-button-link elementor-size-sm\" href=\"https:\/\/lgl.com\/directors\/\">\n\t\t\t\t\t\t<span class=\"elementor-button-content-wrapper\">\n\t\t\t\t\t\t<span class=\"elementor-button-icon\">\n\t\t\t\t<i aria-hidden=\"true\" class=\"fas fa-arrow-alt-circle-right\"><\/i>\t\t\t<\/span>\n\t\t\t\t\t\t\t\t\t<span class=\"elementor-button-text\">Conseil d'administration<\/span>\n\t\t\t\t\t<\/span>\n\t\t\t\t\t<\/a>\n\t\t\t\t\t\t\t\t<\/div>\n\t\t\t\t\t<\/div>\n\t\t<\/div>\n\t\t\t\t<div class=\"elementor-column elementor-col-33 elementor-inner-column elementor-element elementor-element-fa2aaaa\" data-id=\"fa2aaaa\" data-element_type=\"column\">\n\t\t\t<div class=\"elementor-widget-wrap elementor-element-populated\">\n\t\t\t\t\t\t<div class=\"elementor-element elementor-element-fb9b067 elementor-mobile-align-center elementor-tablet-align-center elementor-widget-mobile__width-initial cta_employ elementor-align-center elementor-widget elementor-widget-button\" data-id=\"fb9b067\" data-element_type=\"widget\" data-widget_type=\"button.default\">\n\t\t\t\t\t\t\t\t\t\t<a class=\"elementor-button elementor-button-link elementor-size-sm\" href=\"https:\/\/lgl.com\/staff\/\">\n\t\t\t\t\t\t<span class=\"elementor-button-content-wrapper\">\n\t\t\t\t\t\t<span class=\"elementor-button-icon\">\n\t\t\t\t<i aria-hidden=\"true\" class=\"fas fa-arrow-alt-circle-right\"><\/i>\t\t\t<\/span>\n\t\t\t\t\t\t\t\t\t<span class=\"elementor-button-text\">Personnel<\/span>\n\t\t\t\t\t<\/span>\n\t\t\t\t\t<\/a>\n\t\t\t\t\t\t\t\t<\/div>\n\t\t\t\t\t<\/div>\n\t\t<\/div>\n\t\t\t\t<div class=\"elementor-column elementor-col-33 elementor-inner-column elementor-element elementor-element-1b483f3\" data-id=\"1b483f3\" data-element_type=\"column\">\n\t\t\t<div class=\"elementor-widget-wrap elementor-element-populated\">\n\t\t\t\t\t\t<div class=\"elementor-element elementor-element-41a7394 elementor-mobile-align-center elementor-tablet-align-center elementor-widget-mobile__width-initial cta_employ elementor-align-center elementor-widget elementor-widget-button\" data-id=\"41a7394\" data-element_type=\"widget\" data-widget_type=\"button.default\">\n\t\t\t\t\t\t\t\t\t\t<a class=\"elementor-button elementor-button-link elementor-size-sm\" href=\"https:\/\/lgl.com\/fr\/scientifique-emerite\/\">\n\t\t\t\t\t\t<span class=\"elementor-button-content-wrapper\">\n\t\t\t\t\t\t<span class=\"elementor-button-icon\">\n\t\t\t\t<i aria-hidden=\"true\" class=\"fas fa-arrow-alt-circle-right\"><\/i>\t\t\t<\/span>\n\t\t\t\t\t\t\t\t\t<span class=\"elementor-button-text\">Scientifique \u00e9m\u00e9rite<\/span>\n\t\t\t\t\t<\/span>\n\t\t\t\t\t<\/a>\n\t\t\t\t\t\t\t\t<\/div>\n\t\t\t\t\t<\/div>\n\t\t<\/div>\n\t\t\t\t\t<\/div>\n\t\t<\/section>\n\t\t\t\t\t<\/div>\n\t\t<\/div>\n\t\t\t\t\t<\/div>\n\t\t<\/section>\n\t\t\t\t<section class=\"elementor-section elementor-top-section elementor-element elementor-element-6fdaf78 elementor-section-stretched elementor-section-full_width elementor-section-height-default elementor-section-height-default\" data-id=\"6fdaf78\" data-element_type=\"section\" data-settings=\"{&quot;stretch_section&quot;:&quot;section-stretched&quot;}\">\n\t\t\t\t\t\t<div class=\"elementor-container elementor-column-gap-default\">\n\t\t\t\t\t<div class=\"elementor-column elementor-col-100 elementor-top-column elementor-element elementor-element-6f9410b\" data-id=\"6f9410b\" data-element_type=\"column\">\n\t\t\t<div class=\"elementor-widget-wrap\">\n\t\t\t\t\t\t\t<\/div>\n\t\t<\/div>\n\t\t\t\t\t<\/div>\n\t\t<\/section>\n\t\t\t\t<\/div>\n\t\t","protected":false},"excerpt":{"rendered":"<p>NOTRE \u00c9QUIPE Qui sommes-nous Le LGL dispose d&rsquo;une \u00e9quipe de professionnels \u00e0 temps plein, sp\u00e9cialis\u00e9s dans un large \u00e9ventail de disciplines, telles que les oiseaux, les<span class=\"excerpt-hellip\"> [\u2026]<\/span><\/p>\n","protected":false},"author":1,"featured_media":0,"parent":0,"menu_order":0,"comment_status":"closed","ping_status":"closed","template":"","meta":{"footnotes":""},"class_list":["post-10000","page","type-page","status-publish","hentry"],"_links":{"self":[{"href":"https:\/\/lgl.com\/fr\/wp-json\/wp\/v2\/pages\/10000","targetHints":{"allow":["GET"]}}],"collection":[{"href":"https:\/\/lgl.com\/fr\/wp-json\/wp\/v2\/pages"}],"about":[{"href":"https:\/\/lgl.com\/fr\/wp-json\/wp\/v2\/types\/page"}],"author":[{"embeddable":true,"href":"https:\/\/lgl.com\/fr\/wp-json\/wp\/v2\/users\/1"}],"replies":[{"embeddable":true,"href":"https:\/\/lgl.com\/fr\/wp-json\/wp\/v2\/comments?post=10000"}],"version-history":[{"count":0,"href":"https:\/\/lgl.com\/fr\/wp-json\/wp\/v2\/pages\/10000\/revisions"}],"wp:attachment":[{"href":"https:\/\/lgl.com\/fr\/wp-json\/wp\/v2\/media?parent=10000"}],"curies":[{"name":"wp","href":"https:\/\/api.w.org\/{rel}","templated":true}]}}