{"id":13730,"date":"2026-04-03T12:00:00","date_gmt":"2026-04-03T16:00:00","guid":{"rendered":"https:\/\/lgl.com\/emploi\/chef-de-projet-canada-hybride\/"},"modified":"2026-04-04T04:26:46","modified_gmt":"2026-04-04T08:26:46","slug":"chef-de-projet-canada-hybride","status":"publish","type":"page","link":"https:\/\/lgl.com\/fr\/emploi\/chef-de-projet-canada-hybride\/","title":{"rendered":"Chef de projet (Canada, Hybride)"},"content":{"rendered":"\t\t<div data-elementor-type=\"wp-page\" data-elementor-id=\"13730\" class=\"elementor elementor-13730 elementor-13707\" data-elementor-post-type=\"page\">\n\t\t\t\t\t\t<section class=\"elementor-section elementor-top-section elementor-element elementor-element-0bbc563 elementor-section-stretched elementor-section-height-min-height elementor-reverse-mobile elementor-section-boxed elementor-section-height-default elementor-section-items-middle\" data-id=\"0bbc563\" data-element_type=\"section\" data-settings=\"{&quot;stretch_section&quot;:&quot;section-stretched&quot;,&quot;background_background&quot;:&quot;classic&quot;}\">\n\t\t\t\t\t\t\t<div class=\"elementor-background-overlay\"><\/div>\n\t\t\t\t\t\t\t<div class=\"elementor-container elementor-column-gap-wider\">\n\t\t\t\t\t<div class=\"elementor-column elementor-col-50 elementor-top-column elementor-element elementor-element-496328d\" data-id=\"496328d\" data-element_type=\"column\">\n\t\t\t<div class=\"elementor-widget-wrap elementor-element-populated\">\n\t\t\t\t\t\t<div class=\"elementor-element elementor-element-b27fe00 publication_title elementor-widget elementor-widget-heading\" data-id=\"b27fe00\" data-element_type=\"widget\" data-widget_type=\"heading.default\">\n\t\t\t\t\t<h2 class=\"elementor-heading-title elementor-size-default\">OPPORTUNIT\u00c9 D'EMPLOI<\/h2>\t\t\t\t<\/div>\n\t\t\t\t\t<\/div>\n\t\t<\/div>\n\t\t\t\t<div class=\"elementor-column elementor-col-50 elementor-top-column elementor-element elementor-element-14f3751\" data-id=\"14f3751\" data-element_type=\"column\">\n\t\t\t<div class=\"elementor-widget-wrap\">\n\t\t\t\t\t\t\t<\/div>\n\t\t<\/div>\n\t\t\t\t\t<\/div>\n\t\t<\/section>\n\t\t\t\t<section class=\"elementor-section elementor-top-section elementor-element elementor-element-c7dbf7e elementor-section-boxed elementor-section-height-default elementor-section-height-default\" data-id=\"c7dbf7e\" data-element_type=\"section\">\n\t\t\t\t\t\t<div class=\"elementor-container elementor-column-gap-default\">\n\t\t\t\t\t<div class=\"elementor-column elementor-col-100 elementor-top-column elementor-element elementor-element-41b1a13\" data-id=\"41b1a13\" data-element_type=\"column\">\n\t\t\t<div class=\"elementor-widget-wrap elementor-element-populated\">\n\t\t\t\t\t\t<div class=\"elementor-element elementor-element-8e695e1 job_title elementor-widget elementor-widget-heading\" data-id=\"8e695e1\" data-element_type=\"widget\" data-widget_type=\"heading.default\">\n\t\t\t\t\t<h2 class=\"elementor-heading-title elementor-size-default\">CHEF DE PROJET<\/br>\nLGL Limited | Canada | Hybride\n<\/h2>\t\t\t\t<\/div>\n\t\t\t\t<div class=\"elementor-element elementor-element-7694217 job_body elementor-widget elementor-widget-text-editor\" data-id=\"7694217\" data-element_type=\"widget\" data-widget_type=\"text-editor.default\">\n\t\t\t\t\t\t\t\t\t<p><strong>Lieu de travail :<\/strong> Il s&rsquo;agit d&rsquo;un poste hybride, qui d\u00e9pend du lieu de travail du candidat retenu.<br>Nos bureaux canadiens sont situ\u00e9s \u00e0 Sidney (Colombie-Britannique), King City (Ontario), Cambridge (Ontario) et Paradise (Terre-Neuve-et-Labrador).<br><strong style=\"font-family: 'open sans', sans-serif; letter-spacing: 0px;\">Fourchette de salaires :<\/strong><span style=\"font-family: 'open sans', sans-serif; letter-spacing: 0px;\"> $85,000-105,000<br><\/span><strong style=\"font-family: 'open sans', sans-serif; letter-spacing: 0px;\">Date limite de candidature :<\/strong><span style=\"font-family: 'open sans', sans-serif; letter-spacing: 0px;\"> 16 avril 2026 &#8211; <\/span> <em style=\"font-family: 'open sans', sans-serif; letter-spacing: 0px;\">Posez votre candidature rapidement ! Nous examinons les candidatures au fur et \u00e0 mesure qu&rsquo;elles nous parviennent. <\/em><\/p>\t\t\t\t\t\t\t\t<\/div>\n\t\t\t\t<div class=\"elementor-element elementor-element-0c5cf44 elementor-widget-divider--view-line elementor-widget elementor-widget-divider\" data-id=\"0c5cf44\" data-element_type=\"widget\" data-widget_type=\"divider.default\">\n\t\t\t\t\t\t\t<div class=\"elementor-divider\">\n\t\t\t<span class=\"elementor-divider-separator\">\n\t\t\t\t\t\t<\/span>\n\t\t<\/div>\n\t\t\t\t\t\t<\/div>\n\t\t\t\t<div class=\"elementor-element elementor-element-5800e83 job_body elementor-widget elementor-widget-text-editor\" data-id=\"5800e83\" data-element_type=\"widget\" data-widget_type=\"text-editor.default\">\n\t\t\t\t\t\t\t\t\t<p><strong style=\"font-family: 'open sans', sans-serif; letter-spacing: 0px;\">\u00c0 propos de LGL Limited<\/strong><\/p><p><span style=\"font-family: 'open sans', sans-serif; letter-spacing: 0px;\">Fond\u00e9e en 1971, LGL Limited est une soci\u00e9t\u00e9 de recherche et de conseil en environnement d\u00e9tenue par ses employ\u00e9s et r\u00e9put\u00e9e pour son excellence scientifique. Nous travaillons avec les gouvernements, les communaut\u00e9s autochtones, l&rsquo;industrie et les ONG pour r\u00e9soudre des probl\u00e8mes environnementaux complexes. Notre travail s&rsquo;\u00e9tend au Canada, aux \u00c9tats-Unis et au-del\u00e0, et nous sommes fiers de contribuer \u00e0 l&rsquo;\u00e9laboration de solutions durables par le biais de la science \u00e9cologique appliqu\u00e9e.  <\/span><\/p><p><strong style=\"font-family: 'open sans', sans-serif; letter-spacing: 0px;\">A propos du poste<\/strong><\/p><p><span style=\"font-family: 'open sans', sans-serif; letter-spacing: 0px;\">Sous la responsabilit\u00e9 du pr\u00e9sident-directeur g\u00e9n\u00e9ral de LGL Limited, le <strong>chef de projet<\/strong> joue un r\u00f4le cl\u00e9 dans la r\u00e9ussite des projets de conseil de LGL. Travaillant en \u00e9troite collaboration avec les responsables techniques et la direction r\u00e9gionale, ce poste se concentre sur la coordination des projets, la planification, la budg\u00e9tisation et le soutien \u00e0 la client\u00e8le, afin d&rsquo;assurer que les projets sont livr\u00e9s efficacement et selon des normes \u00e9lev\u00e9es. Ce poste convient parfaitement \u00e0 une personne qui s&rsquo;\u00e9panouit dans un environnement collaboratif et rapide et qui est \u00e0 l&rsquo;aise pour travailler \u00e0 distance tout en soutenant les op\u00e9rations sp\u00e9cifiques \u00e0 la r\u00e9gion.  <\/span><\/p>\t\t\t\t\t\t\t\t<\/div>\n\t\t\t\t<div class=\"elementor-element elementor-element-b469759 job_body elementor-widget elementor-widget-text-editor\" data-id=\"b469759\" data-element_type=\"widget\" data-widget_type=\"text-editor.default\">\n\t\t\t\t\t\t\t\t\t<p><strong>Ce que vous ferez<\/strong><\/p><ul><li>Soutenir la planification, la coordination et l&rsquo;ex\u00e9cution des projets de conseil, depuis leur lancement jusqu&rsquo;\u00e0 leur cl\u00f4ture.<\/li><li>\u00c9laborer et tenir \u00e0 jour les calendriers des projets, les listes de t\u00e2ches et les plans de travail en collaboration avec les responsables techniques.<\/li><li>Suivez l&rsquo;avancement du projet et signalez les risques li\u00e9s au champ d&rsquo;application, au calendrier ou au budget.<\/li><li>Contr\u00f4ler les budgets des projets, suivre les co\u00fbts et contribuer aux pr\u00e9visions et \u00e0 la facturation.<\/li><li>Veiller \u00e0 ce que la documentation du projet soit exacte, \u00e0 jour et stock\u00e9e conform\u00e9ment aux pratiques de l&rsquo;entreprise.<\/li><li>Soutenir l&rsquo;administration du contrat et assurer le suivi des principaux r\u00e9sultats et \u00e9tapes.<\/li><li>Servir de point de contact permanent pour les questions relatives \u00e0 la coordination des projets.<\/li><li>Favoriser une communication claire et opportune entre les \u00e9quipes de projet.<\/li><li>Participez \u00e0 l&rsquo;\u00e9laboration des propositions, des calendriers et des informations sur les ressources, le cas \u00e9ch\u00e9ant.<\/li><li>Coordonner le travail d&rsquo;\u00e9quipes pluridisciplinaires, y compris le personnel technique, les sous-traitants et les services de soutien internes.<\/li><li>Soutenir les priorit\u00e9s de la LGL en alignant les pratiques de coordination des projets sur les besoins r\u00e9gionaux.<\/li><li>Soutenir les processus d&rsquo;assurance qualit\u00e9 afin de s&rsquo;assurer que les produits livr\u00e9s r\u00e9pondent aux normes internes et \u00e0 celles des clients.<\/li><li>Respecter les politiques et proc\u00e9dures de l&rsquo;entreprise, ainsi que les attentes en mati\u00e8re de sant\u00e9 et de s\u00e9curit\u00e9.<\/li><li>Identifier les possibilit\u00e9s d&rsquo;am\u00e9liorer les processus de suivi, de coordination et de documentation des projets.<\/li><\/ul><p>La liste des t\u00e2ches et responsabilit\u00e9s d\u00e9crites ci-dessus n&rsquo;est pas exhaustive et peut \u00eatre compl\u00e9t\u00e9e\/modifi\u00e9e de temps \u00e0 autre en fonction des besoins de l&rsquo;organisation.<\/p>\t\t\t\t\t\t\t\t<\/div>\n\t\t\t\t<div class=\"elementor-element elementor-element-198e283 job_body elementor-widget elementor-widget-text-editor\" data-id=\"198e283\" data-element_type=\"widget\" data-widget_type=\"text-editor.default\">\n\t\t\t\t\t\t\t\t\t<strong>Ce que vous apporterez<\/strong>\n<ul>\n \t<li>Formation post-secondaire en gestion de projet ou dans un domaine connexe, ou exp\u00e9rience pratique \u00e9quivalente.<\/li>\n \t<li>3 \u00e0 6 ans d&rsquo;exp\u00e9rience dans la coordination ou la gestion de projets, id\u00e9alement dans un environnement de conseil, de services professionnels ou de services techniques.<\/li>\n \t<li>Exp\u00e9rience av\u00e9r\u00e9e de la gestion de budgets, de calendriers et de plusieurs projets simultan\u00e9s.<\/li>\n \t<li>Une exp\u00e9rience de travail avec des \u00e9quipes g\u00e9ographiquement r\u00e9parties ou \u00e0 distance est un atout.<\/li>\n \t<li>La connaissance de l&rsquo;environnement du conseil ou de l&rsquo;infrastructure de l&rsquo;Ontario est un atout mais n&rsquo;est pas n\u00e9cessaire.<\/li>\n \t<li>Solides comp\u00e9tences en mati\u00e8re d&rsquo;organisation et de gestion du temps, avec le souci du d\u00e9tail.<\/li>\n \t<li>Comp\u00e9tences en mati\u00e8re de communication \u00e9crite et orale claire et professionnelle.<\/li>\n \t<li>Capacit\u00e9 \u00e0 g\u00e9rer des priorit\u00e9s concurrentes et \u00e0 s&rsquo;adapter \u00e0 l&rsquo;\u00e9volution des besoins du projet.<\/li>\n \t<li>Vous \u00eates \u00e0 l&rsquo;aise pour travailler de mani\u00e8re ind\u00e9pendante dans un environnement distant tout en restant en contact avec l&rsquo;\u00e9quipe.<\/li>\n \t<li>Ma\u00eetrise des outils bureautiques et de projet standard (par exemple, MS Excel, Word, Outlook ; logiciel de suivi de projet).<\/li>\n<\/ul>\n<strong>Ce que nous offrons<\/strong>\n<ul>\n \t<li>Salaire comp\u00e9titif avec possibilit\u00e9 d&rsquo;int\u00e9ressement et de participation.<\/li>\n \t<li>Prestations de sant\u00e9 \u00e9tendues et couverture de l&rsquo;invalidit\u00e9.<\/li>\n \t<li>Cotisations au RER.<\/li>\n \t<li>Politique de vacances progressive et soutien aux certifications professionnelles.<\/li>\n \t<li>Un lieu de travail s\u00fbr, inclusif et respectueux o\u00f9 votre voix compte.<\/li>\n<\/ul>\t\t\t\t\t\t\t\t<\/div>\n\t\t\t\t<div class=\"elementor-element elementor-element-64def53 job_body elementor-widget elementor-widget-text-editor\" data-id=\"64def53\" data-element_type=\"widget\" data-widget_type=\"text-editor.default\">\n\t\t\t\t\t\t\t\t\t<p><strong>Informations sur l&rsquo;application<\/strong><\/p>\n<p>Si cette nouvelle opportunit\u00e9 de gestion de projet au sein d&rsquo;une soci\u00e9t\u00e9 de recherche et de conseil en environnement \u00e9tablie \u00e0 l&rsquo;\u00e9chelle du Canada vous int\u00e9resse, <a href=\"https:\/\/engagedhr.teamtailor.com\/jobs\/7512403-project-manager\">veuillez envoyer votre CV et votre lettre de motivation d\u00e8s aujourd&rsquo;hui<\/a>!<\/p>\n<p><span style=\"font-family: 'open sans', sans-serif; letter-spacing: 0px;\">Vous avez des questions ou besoin d&rsquo;am\u00e9nagements ? Contactez-nous \u00e0 l&rsquo;adresse suivante <\/span><a style=\"font-family: 'open sans', sans-serif; letter-spacing: 0px;\" href=\"mailto:daniel@engagedhr.com?subject=LGL%20Employment%20Opportunity:%20Project%20Manager\">daniel@engagedhr.com<\/a><span style=\"font-family: 'open sans', sans-serif; letter-spacing: 0px;\">.<br><\/span><span style=\"font-family: \"open sans\", sans-serif; letter-spacing: 0px;\">Nous remercions toutes les personnes qui ont pos\u00e9 leur candidature, mais seules les personnes s\u00e9lectionn\u00e9es pour un entretien seront contact\u00e9es.<\/span><span style=\"font-family: 'open sans', sans-serif; letter-spacing: 0px;\"><\/span><\/p>\n<p>Nous attendons avec impatience votre r\u00e9ponse !<\/p>\n<p><em>Notre processus de recrutement repose sur un examen humain. Nous n&rsquo;utilisons pas d&rsquo;outils d&rsquo;intelligence artificielle (IA) pour pr\u00e9s\u00e9lectionner, s\u00e9lectionner ou \u00e9valuer les candidats. <\/em><\/p>\t\t\t\t\t\t\t\t<\/div>\n\t\t\t\t<div class=\"elementor-element elementor-element-90dfde4 elementor-widget-divider--view-line elementor-widget elementor-widget-divider\" data-id=\"90dfde4\" data-element_type=\"widget\" data-widget_type=\"divider.default\">\n\t\t\t\t\t\t\t<div class=\"elementor-divider\">\n\t\t\t<span class=\"elementor-divider-separator\">\n\t\t\t\t\t\t<\/span>\n\t\t<\/div>\n\t\t\t\t\t\t<\/div>\n\t\t\t\t<div class=\"elementor-element elementor-element-645f07f job_body elementor-widget elementor-widget-text-editor\" data-id=\"645f07f\" data-element_type=\"widget\" data-widget_type=\"text-editor.default\">\n\t\t\t\t\t\t\t\t\t<a href=\"https:\/\/lgl.com\/wp-content\/uploads\/2026\/04\/LGL_Canada_Project_Manager_JobPosting_Hybrid.pdf\" target=\"_blank\" rel=\"noopener\">Offre d&#8217;emploi | PDF<\/a>\t\t\t\t\t\t\t\t<\/div>\n\t\t\t\t\t<\/div>\n\t\t<\/div>\n\t\t\t\t\t<\/div>\n\t\t<\/section>\n\t\t\t\t<\/div>\n\t\t","protected":false},"excerpt":{"rendered":"<p>OPPORTUNIT\u00c9 D&rsquo;EMPLOI CHEF DE PROJET LGL Limited | Canada | Hybride Lieu de travail : Il s&rsquo;agit d&rsquo;un poste hybride, qui d\u00e9pend du lieu de travail<span class=\"excerpt-hellip\"> [\u2026]<\/span><\/p>\n","protected":false},"author":2,"featured_media":0,"parent":4745,"menu_order":0,"comment_status":"closed","ping_status":"closed","template":"","meta":{"footnotes":""},"class_list":["post-13730","page","type-page","status-publish","hentry"],"_links":{"self":[{"href":"https:\/\/lgl.com\/fr\/wp-json\/wp\/v2\/pages\/13730","targetHints":{"allow":["GET"]}}],"collection":[{"href":"https:\/\/lgl.com\/fr\/wp-json\/wp\/v2\/pages"}],"about":[{"href":"https:\/\/lgl.com\/fr\/wp-json\/wp\/v2\/types\/page"}],"author":[{"embeddable":true,"href":"https:\/\/lgl.com\/fr\/wp-json\/wp\/v2\/users\/2"}],"replies":[{"embeddable":true,"href":"https:\/\/lgl.com\/fr\/wp-json\/wp\/v2\/comments?post=13730"}],"version-history":[{"count":5,"href":"https:\/\/lgl.com\/fr\/wp-json\/wp\/v2\/pages\/13730\/revisions"}],"predecessor-version":[{"id":13735,"href":"https:\/\/lgl.com\/fr\/wp-json\/wp\/v2\/pages\/13730\/revisions\/13735"}],"up":[{"embeddable":true,"href":"https:\/\/lgl.com\/fr\/wp-json\/wp\/v2\/pages\/4745"}],"wp:attachment":[{"href":"https:\/\/lgl.com\/fr\/wp-json\/wp\/v2\/media?parent=13730"}],"curies":[{"name":"wp","href":"https:\/\/api.w.org\/{rel}","templated":true}]}}