{"id":2073,"date":"2019-06-13T08:16:16","date_gmt":"2019-06-13T12:16:16","guid":{"rendered":"https:\/\/developing.lgl.com\/qui-sommes\/"},"modified":"2023-12-12T19:07:07","modified_gmt":"2023-12-13T00:07:07","slug":"qui-sommes","status":"publish","type":"page","link":"https:\/\/lgl.com\/fr\/qui-sommes\/","title":{"rendered":"Qui sommes"},"content":{"rendered":"\t\t<div data-elementor-type=\"wp-page\" data-elementor-id=\"2073\" class=\"elementor elementor-2073\" data-elementor-post-type=\"page\">\n\t\t\t\t\t\t<section class=\"elementor-section elementor-top-section elementor-element elementor-element-5a02c3e elementor-section-stretched elementor-section-height-min-height elementor-reverse-mobile service_fold elementor-section-boxed elementor-section-height-default elementor-section-items-middle\" data-id=\"5a02c3e\" data-element_type=\"section\" data-settings=\"{&quot;stretch_section&quot;:&quot;section-stretched&quot;,&quot;background_background&quot;:&quot;classic&quot;}\">\n\t\t\t\t\t\t\t<div class=\"elementor-background-overlay\"><\/div>\n\t\t\t\t\t\t\t<div class=\"elementor-container elementor-column-gap-wider\">\n\t\t\t\t\t<div class=\"elementor-column elementor-col-50 elementor-top-column elementor-element elementor-element-8fa9b16\" data-id=\"8fa9b16\" data-element_type=\"column\">\n\t\t\t<div class=\"elementor-widget-wrap elementor-element-populated\">\n\t\t\t\t\t\t<div class=\"elementor-element elementor-element-bf8392d elementor-widget elementor-widget-text-editor\" data-id=\"bf8392d\" data-element_type=\"widget\" data-widget_type=\"text-editor.default\">\n\t\t\t\t\t\t\t\t\t<h3 class=\"services_title\">\u00c0 PROPOS DE NOUS<\/h3>\n<p class=\"services_blurb\">Chez LGL, nous sommes fiers de notre origine, de notre histoire et de nos contributions continues \u00e0 la gestion responsable des ressources naturelles.<\/p>\t\t\t\t\t\t\t\t<\/div>\n\t\t\t\t\t<\/div>\n\t\t<\/div>\n\t\t\t\t<div class=\"elementor-column elementor-col-50 elementor-top-column elementor-element elementor-element-5610fec\" data-id=\"5610fec\" data-element_type=\"column\">\n\t\t\t<div class=\"elementor-widget-wrap\">\n\t\t\t\t\t\t\t<\/div>\n\t\t<\/div>\n\t\t\t\t\t<\/div>\n\t\t<\/section>\n\t\t\t\t<section class=\"elementor-section elementor-top-section elementor-element elementor-element-53f13c0 elementor-section-stretched elementor-section-full_width elementor-reverse-mobile elementor-section-height-default elementor-section-height-default\" data-id=\"53f13c0\" data-element_type=\"section\" data-settings=\"{&quot;stretch_section&quot;:&quot;section-stretched&quot;,&quot;background_background&quot;:&quot;classic&quot;}\">\n\t\t\t\t\t\t<div class=\"elementor-container elementor-column-gap-no\">\n\t\t\t\t\t<div class=\"elementor-column elementor-col-50 elementor-top-column elementor-element elementor-element-8fc809e services_photo elementor-hidden-mobile\" data-id=\"8fc809e\" data-element_type=\"column\" data-settings=\"{&quot;background_background&quot;:&quot;classic&quot;}\">\n\t\t\t<div class=\"elementor-widget-wrap\">\n\t\t\t\t\t\t\t<\/div>\n\t\t<\/div>\n\t\t\t\t<div class=\"elementor-column elementor-col-50 elementor-top-column elementor-element elementor-element-de96f18\" data-id=\"de96f18\" data-element_type=\"column\" data-settings=\"{&quot;background_background&quot;:&quot;classic&quot;}\">\n\t\t\t<div class=\"elementor-widget-wrap elementor-element-populated\">\n\t\t\t\t\t\t<section class=\"elementor-section elementor-inner-section elementor-element elementor-element-9ea2322 elementor-section-full_width elementor-section-height-default elementor-section-height-default\" data-id=\"9ea2322\" data-element_type=\"section\">\n\t\t\t\t\t\t<div class=\"elementor-container elementor-column-gap-wide\">\n\t\t\t\t\t<div class=\"elementor-column elementor-col-50 elementor-inner-column elementor-element elementor-element-5cbf663\" data-id=\"5cbf663\" data-element_type=\"column\">\n\t\t\t<div class=\"elementor-widget-wrap elementor-element-populated\">\n\t\t\t\t\t\t<div class=\"elementor-element elementor-element-816fe48 elementor-widget elementor-widget-heading\" data-id=\"816fe48\" data-element_type=\"widget\" data-widget_type=\"heading.default\">\n\t\t\t\t\t<h2 class=\"elementor-heading-title elementor-size-default\">Notre histoire<\/h2>\t\t\t\t<\/div>\n\t\t\t\t<div class=\"elementor-element elementor-element-4622993 services_list_green elementor-widget elementor-widget-text-editor\" data-id=\"4622993\" data-element_type=\"widget\" data-widget_type=\"text-editor.default\">\n\t\t\t\t\t\t\t\t\t<p>Nous sommes un cabinet de conseil international d\u00e9tenu par ses employ\u00e9s en servant des clients dans l&rsquo;industrie, le gouvernement, les groupes autochtones, les entreprises publiques et les organisations non gouvernementales. Les bureaux r\u00e9gionaux sont situ\u00e9s \u00e0 King City (R\u00e9gion du Grand Toronto) et \u00e0 Cambridge, ON; Sidney, BC; St. John, Terre-Neuve; Bryan, TX; and Ellensburg, WA (<a href=\"https:\/\/www.blueleafenviro.com\/\" target=\"_blank\" rel=\"noopener\">Blue Leaf Environmental Inc.<\/a>). Un certain nombre de bureaux satellites sont distribu\u00e9s partout en Am\u00e9rique du Nord.   Un certain nombre de bureaux satellites sont distribu\u00e9s partout en Am\u00e9rique du Nord.<\/p>\n<p>Notre travail consiste de : la recherche, la conservation et la direction dans les \u00e9cosyst\u00e8mes terrestres, d&rsquo;eau douce et marins; planification environnementale; \u00e9valuation de l&rsquo;impact, l&rsquo;att\u00e9nuation et la planification de la d\u00e9veloppement de l&rsquo;environnement et de la surveillance; \u00e9valuation de l&rsquo;habitat, conception et la construction de compensation de l&rsquo;habitat; \u00e9valuation des stocks, la gestion des ressources; gestion de projet; permis environnementaux; des conseils et de t\u00e9moignage d&rsquo;expert; des \u00e9tudes et de la logistique sur le terrain; traitement de l&rsquo;information; une analyse; synth\u00e8se de l&rsquo;information; ainsi que les rapports et la publication de notre travail.<\/p>\n<p>LGL est tr\u00e8s efficace pour la construction et de travailler avec les \u00e9quipes, comprenant des consultants experts dans d&rsquo;autres entreprises et dans le milieu universitaire. Nos biologistes professionnels travaillent en collaboration avec d&rsquo;autres sp\u00e9cialistes de la discipline tels que les ing\u00e9nieurs de conception pour garantir que les consid\u00e9rations environnementales et les exigences de permis sont trait\u00e9es d&rsquo;une mani\u00e8re pratique. <\/p>\n\t\t\t\t\t\t\t\t<\/div>\n\t\t\t\t\t<\/div>\n\t\t<\/div>\n\t\t\t\t<div class=\"elementor-column elementor-col-50 elementor-inner-column elementor-element elementor-element-407553e\" data-id=\"407553e\" data-element_type=\"column\">\n\t\t\t<div class=\"elementor-widget-wrap elementor-element-populated\">\n\t\t\t\t\t\t<div class=\"elementor-element elementor-element-4954c93 elementor-hidden-mobile elementor-widget elementor-widget-spacer\" data-id=\"4954c93\" data-element_type=\"widget\" data-widget_type=\"spacer.default\">\n\t\t\t\t\t\t\t<div class=\"elementor-spacer\">\n\t\t\t<div class=\"elementor-spacer-inner\"><\/div>\n\t\t<\/div>\n\t\t\t\t\t\t<\/div>\n\t\t\t\t<div class=\"elementor-element elementor-element-a9f9a67 services_list_green elementor-widget elementor-widget-text-editor\" data-id=\"a9f9a67\" data-element_type=\"widget\" data-widget_type=\"text-editor.default\">\n\t\t\t\t\t\t\t\t\tNous avons d\u00e9velopp\u00e9 une expertise reconnue dans les syst\u00e8me d&rsquo;information g\u00e9ographique (SIG) et des technologies de l&rsquo;information de l&rsquo;ordinateur pour des applications biologiques. SIG a \u00e9t\u00e9 appliqu\u00e9e avec succ\u00e8s en collaboration avec des syst\u00e8mes mondial de positionnement (GPS) des r\u00e9cepteurs dans les \u00e9tudes de t\u00e9l\u00e9m\u00e9trie radio de poissons et de la faune et pour la collecte et l&rsquo;analyse des donn\u00e9es de l&rsquo;enqu\u00eate sur le terrain \u00e0 l&rsquo;aide de notre logiciel propri\u00e9taire, t\u00e9l\u00e9m\u00e9trie Manager et plusieurs applications de collecte de donn\u00e9es r\u00e9cemment d\u00e9velopp\u00e9es.   \n\nNous avons r\u00e9alis\u00e9 des milliers de projets depuis 1971. Cette fa\u00e7on de travailler, y compris des centaines de <a href=\"http:\/\/developing.lgl.com\/publications\" target=\"_blank\" rel=\"noopener\">publications scientifiques<\/a> \u00e9valu\u00e9es par des pairs, d\u00e9montre notre comp\u00e9tence scientifique dans le domaine et de bureau, notre capacit\u00e9 \u00e0 \u00e9valuer les impacts environnementaux des activit\u00e9s humaines, avancer la connaissance scientifique, et de satisfaire ou d\u00e9passer les exigences de nos clients.\n\n\u00c0 ce jour, LGL reste fid\u00e8le \u00e0 la philosophie de nos fondateurs. Notre succ\u00e8s continue depuis plus de 50 ans, gr\u00e2ce \u00e0 la cr\u00e9dibilit\u00e9 et l&rsquo;int\u00e9grit\u00e9 de l&rsquo;entreprise et ses employ\u00e9s.\t\t\t\t\t\t\t\t<\/div>\n\t\t\t\t\t<\/div>\n\t\t<\/div>\n\t\t\t\t\t<\/div>\n\t\t<\/section>\n\t\t\t\t\t<\/div>\n\t\t<\/div>\n\t\t\t\t\t<\/div>\n\t\t<\/section>\n\t\t\t\t<section class=\"elementor-section elementor-top-section elementor-element elementor-element-7d19495 elementor-section-stretched elementor-section-full_width elementor-reverse-mobile elementor-section-height-default elementor-section-height-default\" data-id=\"7d19495\" data-element_type=\"section\" data-settings=\"{&quot;stretch_section&quot;:&quot;section-stretched&quot;,&quot;background_background&quot;:&quot;classic&quot;}\">\n\t\t\t\t\t\t<div class=\"elementor-container elementor-column-gap-no\">\n\t\t\t\t\t<div class=\"elementor-column elementor-col-50 elementor-top-column elementor-element elementor-element-a1146c8\" data-id=\"a1146c8\" data-element_type=\"column\" data-settings=\"{&quot;background_background&quot;:&quot;classic&quot;}\">\n\t\t\t<div class=\"elementor-widget-wrap elementor-element-populated\">\n\t\t\t\t\t\t<section class=\"elementor-section elementor-inner-section elementor-element elementor-element-7ce0e54 elementor-section-full_width elementor-section-height-default elementor-section-height-default\" data-id=\"7ce0e54\" data-element_type=\"section\">\n\t\t\t\t\t\t<div class=\"elementor-container elementor-column-gap-wide\">\n\t\t\t\t\t<div class=\"elementor-column elementor-col-100 elementor-inner-column elementor-element elementor-element-2bb22be\" data-id=\"2bb22be\" data-element_type=\"column\">\n\t\t\t<div class=\"elementor-widget-wrap elementor-element-populated\">\n\t\t\t\t\t\t<div class=\"elementor-element elementor-element-8bd141b elementor-widget elementor-widget-heading\" data-id=\"8bd141b\" data-element_type=\"widget\" data-widget_type=\"heading.default\">\n\t\t\t\t\t<h2 class=\"elementor-heading-title elementor-size-default\">Nos fondateurs<\/h2>\t\t\t\t<\/div>\n\t\t\t\t<div class=\"elementor-element elementor-element-7943ebb services_list_white elementor-widget elementor-widget-text-editor\" data-id=\"7943ebb\" data-element_type=\"widget\" data-widget_type=\"text-editor.default\">\n\t\t\t\t\t\t\t\t\t<p>LGL Limited (1971) est nomm\u00e9 apr\u00e8s ses trois fondateurs : Aird <strong>L<\/strong>ewis (1932\u22122008), William Walker Hamilton (Bill) <strong>G<\/strong>unn (1913\u22121984) et John Allen <strong>L<\/strong>ivingston (1923\u22122006).<\/p>\n<p>Nos fondateurs ont reconnu le caract\u00e8re in\u00e9vitable des activit\u00e9s humaines en expansion dans des r\u00e9gions auparavant non perturb\u00e9es. \u00c9tant donn\u00e9 que, ils croyaient fermement qu&rsquo;il est essentiel pour l&rsquo;information scientifique \u00e0 \u00eatre utilis\u00e9 dans la planification de ces avances. Ils croyaient aussi que beaucoup pourrait \u00eatre acquise en travaillant avec les promoteurs industriels pour aider \u00e0 d\u00e9velopper et mettre en \u0153uvre des proc\u00e9dures d&rsquo;att\u00e9nuation efficaces, les approches fond\u00e9es sur la science.<\/p>\n<p>Bien que la n\u00e9cessit\u00e9 de la conservation de l&rsquo;environnement a toujours \u00e9t\u00e9 un \u00e9l\u00e9ment important dans l&rsquo;approche de LGL, la philosophie d\u00e8s le d\u00e9part a \u00e9t\u00e9 qu&rsquo;il y a un r\u00f4le important pour nous de travailler avec les agences, l&rsquo;industrie et les parties potentiellement touch\u00e9es vers l&rsquo;identification des probl\u00e8mes environnementaux et de d\u00e9terminer si, et comment ils peuvent \u00eatre mieux r\u00e9solus. Nous reconnaissons \u00e9galement le r\u00f4le que joue notre recherche scientifique en contribuant \u00e0 l&rsquo;ensemble des connaissances sur les syst\u00e8mes \u00e9cologiques naturels et anthropiens.<\/p>\n\t\t\t\t\t\t\t\t<\/div>\n\t\t\t\t\t<\/div>\n\t\t<\/div>\n\t\t\t\t\t<\/div>\n\t\t<\/section>\n\t\t\t\t\t<\/div>\n\t\t<\/div>\n\t\t\t\t<div class=\"elementor-column elementor-col-50 elementor-top-column elementor-element elementor-element-0e2e6f7 services_photo\" data-id=\"0e2e6f7\" data-element_type=\"column\" data-settings=\"{&quot;background_background&quot;:&quot;classic&quot;}\">\n\t\t\t<div class=\"elementor-widget-wrap\">\n\t\t\t\t\t\t\t<\/div>\n\t\t<\/div>\n\t\t\t\t\t<\/div>\n\t\t<\/section>\n\t\t\t\t<section class=\"elementor-section elementor-top-section elementor-element elementor-element-57e190b elementor-section-stretched elementor-section-full_width elementor-section-height-default elementor-section-height-default\" data-id=\"57e190b\" data-element_type=\"section\" data-settings=\"{&quot;stretch_section&quot;:&quot;section-stretched&quot;,&quot;background_background&quot;:&quot;classic&quot;}\">\n\t\t\t\t\t\t<div class=\"elementor-container elementor-column-gap-no\">\n\t\t\t\t\t<div class=\"elementor-column elementor-col-50 elementor-top-column elementor-element elementor-element-ba3acd3 services_photo\" data-id=\"ba3acd3\" data-element_type=\"column\" data-settings=\"{&quot;background_background&quot;:&quot;classic&quot;}\">\n\t\t\t<div class=\"elementor-widget-wrap\">\n\t\t\t\t\t\t\t<\/div>\n\t\t<\/div>\n\t\t\t\t<div class=\"elementor-column elementor-col-50 elementor-top-column elementor-element elementor-element-bbc904a\" data-id=\"bbc904a\" data-element_type=\"column\" data-settings=\"{&quot;background_background&quot;:&quot;classic&quot;}\">\n\t\t\t<div class=\"elementor-widget-wrap elementor-element-populated\">\n\t\t\t\t\t\t<section class=\"elementor-section elementor-inner-section elementor-element elementor-element-23fa104 elementor-section-full_width elementor-section-height-default elementor-section-height-default\" data-id=\"23fa104\" data-element_type=\"section\">\n\t\t\t\t\t\t<div class=\"elementor-container elementor-column-gap-wide\">\n\t\t\t\t\t<div class=\"elementor-column elementor-col-50 elementor-inner-column elementor-element elementor-element-bfc9924\" data-id=\"bfc9924\" data-element_type=\"column\">\n\t\t\t<div class=\"elementor-widget-wrap elementor-element-populated\">\n\t\t\t\t\t\t<div class=\"elementor-element elementor-element-c1a3a2b elementor-widget elementor-widget-heading\" data-id=\"c1a3a2b\" data-element_type=\"widget\" data-widget_type=\"heading.default\">\n\t\t\t\t\t<h2 class=\"elementor-heading-title elementor-size-default\">R\u00f4le des fondateurs de LGL dans la cr\u00e9ation de Conservation de la nature Canada*<\/h2>\t\t\t\t<\/div>\n\t\t\t\t<div class=\"elementor-element elementor-element-826f23f services_list_green elementor-widget elementor-widget-text-editor\" data-id=\"826f23f\" data-element_type=\"widget\" data-widget_type=\"text-editor.default\">\n\t\t\t\t\t\t\t\t\t<p>Conservation de la nature Canada (CNC) est la principale fiducie fonci\u00e8re environnementale du Canada avec des actifs approchant le milliard de dollars. La publication de 2013 intitul\u00e9e \u00ab Une histoire de Conservation de la nature Canada \u00bb par Bill Freedman documente le r\u00f4le central dans la formation de CNC qui a \u00e9t\u00e9 jou\u00e9 par les fondateurs de LGL Limited. Ce r\u00f4le est r\u00e9sum\u00e9 ci-dessous.<\/p>\n<p>Un groupe de naturalistes de la F\u00e9d\u00e9ration des naturalistes de l&rsquo;Ontario (FNO) a commenc\u00e9 \u00e0 discuter de la n\u00e9cessit\u00e9 d&rsquo;une fiducie fonci\u00e8re pour pr\u00e9server des terres importantes \u00e0 travers le Canada. En 1961, un comit\u00e9 de la FNO est form\u00e9 pour faire avancer le processus. The committee comprised six prominent naturalists: J. Bruce Falls, C. David Fowle, William W.H. Gunn, F. Aird Lewis, Ken Mayall, and Walter Tovell. Le comit\u00e9 comprenait six naturalistes \u00e9minents : J. Bruce Falls, C. David Fowle, <strong>William W.H. Gunn<\/strong>, <strong>F. Aird Lewis<\/strong>, Ken Mayall et Walter Tovell. Apr\u00e8s de nombreuses recherches et d\u00e9lib\u00e9rations, Aird Lewis (un avocat) a r\u00e9dig\u00e9 un document qui a servi de base \u00e0 une charte f\u00e9d\u00e9rale \u00e9mise en vertu de la Loi sur les corporations canadiennes le 28 novembre 1962. Fait important, la nouvelle soci\u00e9t\u00e9 avait le statut d&rsquo;organisme de bienfaisance en vertu de la Loi de l&rsquo;imp\u00f4t sur le revenu, ce qui n&rsquo;\u00e9tait pas automatique pour les fiducies fonci\u00e8res \u00e0 l&rsquo;\u00e9poque.<\/p>\n\t\t\t\t\t\t\t\t<\/div>\n\t\t\t\t\t<\/div>\n\t\t<\/div>\n\t\t\t\t<div class=\"elementor-column elementor-col-50 elementor-inner-column elementor-element elementor-element-c52c270\" data-id=\"c52c270\" data-element_type=\"column\">\n\t\t\t<div class=\"elementor-widget-wrap elementor-element-populated\">\n\t\t\t\t\t\t<div class=\"elementor-element elementor-element-e7a3514 services_list_green elementor-widget elementor-widget-text-editor\" data-id=\"e7a3514\" data-element_type=\"widget\" data-widget_type=\"text-editor.default\">\n\t\t\t\t\t\t\t\t\t<p>Les lettres patentes de la soci\u00e9t\u00e9 nomment cinq administrateurs inauguraux : Antoon de Vos (professeur de zoologie \u00e0 l&rsquo;Universit\u00e9 de Guelph), David Fowle, William Gunn, Aird Lewis et John Livingston. Les trois derniers messieurs sont le G, le L et le L de LGL Limited. Aird Lewis est rest\u00e9 pr\u00e9sident du conseil d&rsquo;administration de CNC jusqu&rsquo;en 1969, date \u00e0 laquelle il a d\u00e9missionn\u00e9 pour occuper le poste de premier directeur g\u00e9n\u00e9ral. En avril 1980, William Gunn a pris sa retraite du conseil d&rsquo;administration de la CCN. En 1981, la CCN a institu\u00e9 de nouvelles exigences organisationnelles, dont l&rsquo;une \u00e9tait que le directeur ex\u00e9cutif devait occuper un poste \u00e0 temps plein, ce qui n&rsquo;\u00e9tait pas faisable pour Aird Lewis et il a d\u00e9missionn\u00e9 de son poste de directeur ex\u00e9cutif. Il est rest\u00e9 membre du conseil d&rsquo;administration pendant encore huit ans. Depuis lors, les succ\u00e8s de CNC se sont poursuivis jusqu&rsquo;\u00e0 ce jour.<\/p>\n<p>En conclusion, les trois fondateurs de LGL \u00e9taient \u00e9galement administrateurs fondateurs de Conservation de la nature Canada. John Livingston a si\u00e9g\u00e9 \u00e0 ce conseil d&rsquo;administration pendant 14 ans, Bill Gunn pendant 19 ans et Aird Lewis pendant 27 ans. Somme toute, une contribution impressionnante \u00e0 la conservation des aires naturelles et de la biodiversit\u00e9 au Canada.<\/p>\n<p>*Source: Freedman, B. 2013. A History of the Nature Conservancy of Canada. Oxford University Press, Don Mills, Ontario. 252 p.<\/p>\n\t\t\t\t\t\t\t\t<\/div>\n\t\t\t\t\t<\/div>\n\t\t<\/div>\n\t\t\t\t\t<\/div>\n\t\t<\/section>\n\t\t\t\t\t<\/div>\n\t\t<\/div>\n\t\t\t\t\t<\/div>\n\t\t<\/section>\n\t\t\t\t<\/div>\n\t\t","protected":false},"excerpt":{"rendered":"<p>\u00c0 PROPOS DE NOUS Chez LGL, nous sommes fiers de notre origine, de notre histoire et de nos contributions continues \u00e0 la gestion responsable des ressources<span class=\"excerpt-hellip\"> [\u2026]<\/span><\/p>\n","protected":false},"author":1,"featured_media":0,"parent":0,"menu_order":0,"comment_status":"closed","ping_status":"closed","template":"","meta":{"footnotes":""},"class_list":["post-2073","page","type-page","status-publish","hentry"],"_links":{"self":[{"href":"https:\/\/lgl.com\/fr\/wp-json\/wp\/v2\/pages\/2073","targetHints":{"allow":["GET"]}}],"collection":[{"href":"https:\/\/lgl.com\/fr\/wp-json\/wp\/v2\/pages"}],"about":[{"href":"https:\/\/lgl.com\/fr\/wp-json\/wp\/v2\/types\/page"}],"author":[{"embeddable":true,"href":"https:\/\/lgl.com\/fr\/wp-json\/wp\/v2\/users\/1"}],"replies":[{"embeddable":true,"href":"https:\/\/lgl.com\/fr\/wp-json\/wp\/v2\/comments?post=2073"}],"version-history":[{"count":0,"href":"https:\/\/lgl.com\/fr\/wp-json\/wp\/v2\/pages\/2073\/revisions"}],"wp:attachment":[{"href":"https:\/\/lgl.com\/fr\/wp-json\/wp\/v2\/media?parent=2073"}],"curies":[{"name":"wp","href":"https:\/\/api.w.org\/{rel}","templated":true}]}}