{"id":4779,"date":"2022-08-24T17:50:42","date_gmt":"2022-08-24T21:50:42","guid":{"rendered":"https:\/\/developing.lgl.com\/auteurs-lgl\/"},"modified":"2025-06-24T17:23:25","modified_gmt":"2025-06-24T21:23:25","slug":"livres-des-auteurs-de-lgl","status":"publish","type":"page","link":"https:\/\/lgl.com\/fr\/livres-des-auteurs-de-lgl\/","title":{"rendered":"Publications &#8211; Livres des auteurs de LGL"},"content":{"rendered":"\t\t<div data-elementor-type=\"wp-page\" data-elementor-id=\"4779\" class=\"elementor elementor-4779 elementor-1711\" data-elementor-post-type=\"page\">\n\t\t\t\t\t\t<section class=\"elementor-section elementor-top-section elementor-element elementor-element-7c6508c elementor-section-full_width elementor-section-height-min-height elementor-section-stretched elementor-section-height-default elementor-section-items-middle\" data-id=\"7c6508c\" data-element_type=\"section\" data-settings=\"{&quot;stretch_section&quot;:&quot;section-stretched&quot;,&quot;background_background&quot;:&quot;classic&quot;}\">\n\t\t\t\t\t\t<div class=\"elementor-container elementor-column-gap-default\">\n\t\t\t\t\t<div class=\"elementor-column elementor-col-100 elementor-top-column elementor-element elementor-element-581fd93\" data-id=\"581fd93\" data-element_type=\"column\">\n\t\t\t<div class=\"elementor-widget-wrap elementor-element-populated\">\n\t\t\t\t\t\t<section class=\"elementor-section elementor-inner-section elementor-element elementor-element-5e34832 elementor-section-boxed elementor-section-height-default elementor-section-height-default\" data-id=\"5e34832\" data-element_type=\"section\">\n\t\t\t\t\t\t<div class=\"elementor-container elementor-column-gap-default\">\n\t\t\t\t\t<div class=\"elementor-column elementor-col-50 elementor-inner-column elementor-element elementor-element-1819697\" data-id=\"1819697\" data-element_type=\"column\">\n\t\t\t<div class=\"elementor-widget-wrap elementor-element-populated\">\n\t\t\t\t\t\t<div class=\"elementor-element elementor-element-f97cfcb publication_title elementor-widget elementor-widget-heading\" data-id=\"f97cfcb\" data-element_type=\"widget\" data-widget_type=\"heading.default\">\n\t\t\t\t\t<h2 class=\"elementor-heading-title elementor-size-default\">Livres des auteurs de LGL<\/h2>\t\t\t\t<\/div>\n\t\t\t\t\t<\/div>\n\t\t<\/div>\n\t\t\t\t<div class=\"elementor-column elementor-col-50 elementor-inner-column elementor-element elementor-element-d119453\" data-id=\"d119453\" data-element_type=\"column\">\n\t\t\t<div class=\"elementor-widget-wrap\">\n\t\t\t\t\t\t\t<\/div>\n\t\t<\/div>\n\t\t\t\t\t<\/div>\n\t\t<\/section>\n\t\t\t\t\t<\/div>\n\t\t<\/div>\n\t\t\t\t\t<\/div>\n\t\t<\/section>\n\t\t\t\t<section class=\"elementor-section elementor-top-section elementor-element elementor-element-8d66e80 publication_link elementor-section-boxed elementor-section-height-default elementor-section-height-default\" data-id=\"8d66e80\" data-element_type=\"section\">\n\t\t\t\t\t\t<div class=\"elementor-container elementor-column-gap-default\">\n\t\t\t\t\t<div class=\"elementor-column elementor-col-50 elementor-top-column elementor-element elementor-element-b76cd3a\" data-id=\"b76cd3a\" data-element_type=\"column\">\n\t\t\t<div class=\"elementor-widget-wrap elementor-element-populated\">\n\t\t\t\t\t\t<section class=\"elementor-section elementor-inner-section elementor-element elementor-element-2e8dc8f elementor-hidden-desktop elementor-hidden-tablet elementor-section-boxed elementor-section-height-default elementor-section-height-default\" data-id=\"2e8dc8f\" data-element_type=\"section\" data-settings=\"{&quot;background_background&quot;:&quot;classic&quot;}\">\n\t\t\t\t\t\t<div class=\"elementor-container elementor-column-gap-default\">\n\t\t\t\t\t<div class=\"elementor-column elementor-col-100 elementor-inner-column elementor-element elementor-element-ed13932\" data-id=\"ed13932\" data-element_type=\"column\" data-settings=\"{&quot;background_background&quot;:&quot;classic&quot;}\">\n\t\t\t<div class=\"elementor-widget-wrap elementor-element-populated\">\n\t\t\t\t\t\t<div class=\"elementor-element elementor-element-e2d0ae4 elementor-widget elementor-widget-heading\" data-id=\"e2d0ae4\" data-element_type=\"widget\" data-widget_type=\"heading.default\">\n\t\t\t\t\t<h2 class=\"elementor-heading-title elementor-size-default\">L\u00e9gende<\/h2>\t\t\t\t<\/div>\n\t\t\t\t<div class=\"elementor-element elementor-element-a1ee4b5 publication_legend elementor-icon-list--layout-traditional elementor-list-item-link-full_width elementor-widget elementor-widget-icon-list\" data-id=\"a1ee4b5\" data-element_type=\"widget\" data-widget_type=\"icon-list.default\">\n\t\t\t\t\t\t\t<ul class=\"elementor-icon-list-items\">\n\t\t\t\t\t\t\t<li class=\"elementor-icon-list-item\">\n\t\t\t\t\t\t\t\t\t\t<span class=\"elementor-icon-list-text\">\u00ba Consultant ou sous-traitant de LGL<\/span>\n\t\t\t\t\t\t\t\t\t<\/li>\n\t\t\t\t\t\t\t\t<li class=\"elementor-icon-list-item\">\n\t\t\t\t\t\t\t\t\t\t<span class=\"elementor-icon-list-text\"><sup>G<\/sup> Avec Greeneridge Sciences Inc. <sup>1<\/sup><\/span>\n\t\t\t\t\t\t\t\t\t<\/li>\n\t\t\t\t\t\t\t\t<li class=\"elementor-icon-list-item\">\n\t\t\t\t\t\t\t\t\t\t<span class=\"elementor-icon-list-text\">* Co-auteur ne travaillant pas pour LGL<\/span>\n\t\t\t\t\t\t\t\t\t<\/li>\n\t\t\t\t\t\t\t\t<li class=\"elementor-icon-list-item\">\n\t\t\t\t\t\t\t\t\t\t<span class=\"elementor-icon-list-text\">** Publication d\u2019un employ\u00e9 de LGL, mais ne r\u00e9sultant pas d\u2019un projet de LGL. Les documents publi\u00e9s par des employ\u00e9s de LGL-G avant qu\u2019ils ne se joignent \u00e0 la compagnie ne sont pas mentionn\u00e9s. <\/span>\n\t\t\t\t\t\t\t\t\t<\/li>\n\t\t\t\t\t\t\t\t<li class=\"elementor-icon-list-item\">\n\t\t\t\t\t\t\t\t\t\t<span class=\"elementor-icon-list-text\">\u2020 \u00c9tude men\u00e9e principalement par un sous-traitant ou une soci\u00e9t\u00e9 affili\u00e9e \u00e0 LGL.<\/span>\n\t\t\t\t\t\t\t\t\t<\/li>\n\t\t\t\t\t\t<\/ul>\n\t\t\t\t\t\t<\/div>\n\t\t\t\t<div class=\"elementor-element elementor-element-5954423 publication_sub elementor-widget elementor-widget-text-editor\" data-id=\"5954423\" data-element_type=\"widget\" data-widget_type=\"text-editor.default\">\n\t\t\t\t\t\t\t\t\t<div>Les r\u00e9f\u00e9rences apparaissant en <span class=\"publication_blue\">orange<\/span> ont \u00e9t\u00e9 publi\u00e9es depuis 2010.<\/div>\n<div class=\"services_list_green\"><\/div>\n<div>_______________<\/div>\n<div><\/div>\n<div class=\"services_list_green\"><sup>1<\/sup> Depuis ses d\u00e9buts en 1983, Greeneridge Sciences Inc. a \u00e9t\u00e9 une soci\u00e9t\u00e9 affili\u00e9e \u00e0 LGL. Greeneridge faisait officiellement joint au Groupe LGL de 2008 \u00e0 2017.<\/div>\t\t\t\t\t\t\t\t<\/div>\n\t\t\t\t\t<\/div>\n\t\t<\/div>\n\t\t\t\t\t<\/div>\n\t\t<\/section>\n\t\t\t\t<div class=\"elementor-element elementor-element-648070a publication_list elementor-widget elementor-widget-text-editor\" data-id=\"648070a\" data-element_type=\"widget\" data-widget_type=\"text-editor.default\">\n\t\t\t\t\t\t\t\t\t<p style=\"font-weight: 400;\">Berkinblit, M.B.*, S.M. Glagolev*, M.V. Golubeva*, T.Y. Minaeva*, A.R. Mushegyuan*, V.G. Onipchenko*, G.G. Tevzadze*, S.B. Yazvenko and L.Y. Yampolsky*. 2003. [<strong style=\"font-weight: 600;\">Biology in questions and answers<\/strong>]**. Academkniga Publ. House, Moscow. 336 p. [In Russian].<\/p>\n<p style=\"font-weight: 400;\">Brown, R.G.B.*, D.N. Nettleship*, P. Germain*, C.E. Tull and T. Davis. 1975. <strong style=\"font-weight: 600;\">Atlas of eastern Canadian seabirds<\/strong>**. Can. Wildl. Serv., Ottawa. 220 p. <a href=\"http:\/\/www.abebooks.com\/servlet\/SearchResults?an=Brown&amp;sortby=96&amp;sts=t&amp;tn=Atlas+of+eastern+canadian+seabirds\" target=\"_blank\" rel=\"noopener\">link<\/a><\/p>\n<p style=\"font-weight: 400;\">Gilders, M.A. 1999.<strong style=\"font-weight: 600;\"> Water: worlds between heaven and earth<\/strong>**. Stewart, Tabori &amp; Chang, New York, NY. 192 p. Photography by Art Wolfe. <a href=\"http:\/\/www.amazon.ca\/Water-Worlds-Between-Heaven-Earth\/dp\/1556708580\" target=\"_blank\" rel=\"noopener\">link<\/a><\/p>\n<p style=\"font-weight: 400;\">Gilders, M.A. (ed.). 2000. <strong style=\"font-weight: 600;\">The living wild<\/strong>**. Wildlands Press, Seattle, WA. 230 p. Photography by Art Wolfe. <a href=\"http:\/\/www.amazon.ca\/Living-Wild-Art-Wolfe\/dp\/0967591805\" target=\"_blank\" rel=\"noopener\">link<\/a><\/p>\n<p style=\"font-weight: 400;\">Gilders, M.A. 2000. <strong style=\"font-weight: 600;\">The nature of Great Apes: our next of kin<\/strong>**. Greystone Books, Vancouver, B.C. 104 p. <a href=\"http:\/\/www.amazon.ca\/nature-great-apes-Our-next\/dp\/1550547623\" target=\"_blank\" rel=\"noopener\">link<\/a><\/p>\n<p style=\"font-weight: 400;\">Gilders, M.A. 2000. <strong style=\"font-weight: 600;\">Primal forces<\/strong>**. Graphic Arts Center Publ. Co., Portland, OR. 208 p. Photography by David &amp; Marc Muench. <a href=\"http:\/\/www.amazon.ca\/Primal-Forces-David-Muench\/dp\/1558685227\" target=\"_blank\" rel=\"noopener\">link<\/a><\/p>\n<p style=\"font-weight: 400;\">Gilders, M.A. and A. Wolfe. 2001. <strong style=\"font-weight: 600;\">Africa<\/strong>**. Wildlands Press, Seattle, WA. 240 p. Photography by Art Wolfe. <a href=\"http:\/\/www.amazon.ca\/Africa-Michelle-Gilders\/dp\/0967591813\" target=\"_blank\" rel=\"noopener\">link<\/a><\/p>\n<p style=\"font-weight: 400;\">Gilders, M.A. 2002. <strong style=\"font-weight: 600;\">Why am I rare?<\/strong>** Red Deer Press, Calgary, Alb. 32 p. Children&rsquo;s book.<\/p>\n<p style=\"font-weight: 400;\">Gilders, M.A. 2004. <strong style=\"font-weight: 600;\">The kid&rsquo;s guide to zoo animals<\/strong>**. Red Deer Press, Calgary, Alb. 256 p. Children&rsquo;s book. <a href=\"http:\/\/www.amazon.ca\/Kids-Guide-Zoo-Animals\/dp\/0889953015\" target=\"_blank\" rel=\"noopener\">link<\/a><\/p>\n<p style=\"font-weight: 400;\">Johnson, S.R. and D.R. Herter. 1989. <strong style=\"font-weight: 600;\">The birds of the Beaufort Sea<\/strong>. BP Exploration (Alaska) Inc., Anchorage, AK. 372 p. <a href=\"http:\/\/www.amazon.com\/The-Birds-Beaufort-Stephen-Johnson\/dp\/B0006ES4UI\" target=\"_blank\" rel=\"noopener\">link<\/a> or <a href=\"http:\/\/www.abebooks.com\/servlet\/SearchResults?an=johnson+herter&amp;sortby=96&amp;sts=t&amp;tn=birds+Beaufort+Sea\" target=\"_blank\" rel=\"noopener\">link<\/a><\/p>\n<p style=\"font-weight: 400;\">Livingston, J.A. 1973. <strong style=\"font-weight: 600;\">One cosmic instant: a natural history of human arrogance**<\/strong>. McClelland &amp; Stewart, Toronto, Ont. 243 p. Reprinted (2007) in \u201cThe John A. Livingston reader\u2026\u201d, McClelland &amp; Stewart, Toronto. <a href=\"http:\/\/www.abebooks.com\/servlet\/SearchResults?an=Livingston&amp;sortby=96&amp;sts=t&amp;tn=One+cosmic+instant%20%20\" target=\"_blank\" rel=\"noopener\">link<\/a> and <a href=\"http:\/\/www.amazon.ca\/John-Livingston-Reader-Conservation-Arrogance\/dp\/0771053266\/ref=sr_1_1?s=books&amp;ie=UTF8&amp;qid=1407519764&amp;sr=1-1&amp;keywords=The+John+A.+Livingston+reader\" target=\"_blank\" rel=\"noopener\">link<\/a><\/p>\n<p style=\"font-weight: 400;\">Richardson, W.J., C.R. Greene, Jr.<sup>G<\/sup>, C.I. Malme\u00ba and D.H. Thomson. 1995. <strong style=\"font-weight: 600;\">Marine mammals and noise<\/strong>. Academic Press, San Diego, CA. 576 p. <a href=\"http:\/\/www.amazon.ca\/Marine-Mammals-Noise-John-Richardson\/dp\/0125884419\/ref=sr_1_1?s=books&amp;ie=UTF8&amp;qid=1341933256&amp;sr=1-1\" target=\"_blank\" rel=\"noopener\">link<\/a><\/p>\t\t\t\t\t\t\t\t<\/div>\n\t\t\t\t\t<\/div>\n\t\t<\/div>\n\t\t\t\t<div class=\"elementor-column elementor-col-50 elementor-top-column elementor-element elementor-element-8f10b3e\" data-id=\"8f10b3e\" data-element_type=\"column\">\n\t\t\t<div class=\"elementor-widget-wrap elementor-element-populated\">\n\t\t\t\t\t\t<section class=\"elementor-section elementor-inner-section elementor-element elementor-element-32a12a4 elementor-hidden-mobile elementor-section-boxed elementor-section-height-default elementor-section-height-default\" data-id=\"32a12a4\" data-element_type=\"section\" data-settings=\"{&quot;background_background&quot;:&quot;classic&quot;}\">\n\t\t\t\t\t\t<div class=\"elementor-container elementor-column-gap-default\">\n\t\t\t\t\t<div class=\"elementor-column elementor-col-100 elementor-inner-column elementor-element elementor-element-61fb6d9\" data-id=\"61fb6d9\" data-element_type=\"column\" data-settings=\"{&quot;background_background&quot;:&quot;classic&quot;}\">\n\t\t\t<div class=\"elementor-widget-wrap elementor-element-populated\">\n\t\t\t\t\t\t<div class=\"elementor-element elementor-element-6ceda87 elementor-widget elementor-widget-heading\" data-id=\"6ceda87\" data-element_type=\"widget\" data-widget_type=\"heading.default\">\n\t\t\t\t\t<h2 class=\"elementor-heading-title elementor-size-default\">L\u00e9gende<\/h2>\t\t\t\t<\/div>\n\t\t\t\t<div class=\"elementor-element elementor-element-0607721 publication_legend elementor-icon-list--layout-traditional elementor-list-item-link-full_width elementor-widget elementor-widget-icon-list\" data-id=\"0607721\" data-element_type=\"widget\" data-widget_type=\"icon-list.default\">\n\t\t\t\t\t\t\t<ul class=\"elementor-icon-list-items\">\n\t\t\t\t\t\t\t<li class=\"elementor-icon-list-item\">\n\t\t\t\t\t\t\t\t\t\t<span class=\"elementor-icon-list-text\">\u00ba Consultant ou sous-traitant de LGL<\/span>\n\t\t\t\t\t\t\t\t\t<\/li>\n\t\t\t\t\t\t\t\t<li class=\"elementor-icon-list-item\">\n\t\t\t\t\t\t\t\t\t\t<span class=\"elementor-icon-list-text\"><sup>G<\/sup> Avec Greeneridge Sciences Inc.<sup>1<\/sup><\/span>\n\t\t\t\t\t\t\t\t\t<\/li>\n\t\t\t\t\t\t\t\t<li class=\"elementor-icon-list-item\">\n\t\t\t\t\t\t\t\t\t\t<span class=\"elementor-icon-list-text\">* Co-auteur ne travaillant pas pour LGL<\/span>\n\t\t\t\t\t\t\t\t\t<\/li>\n\t\t\t\t\t\t\t\t<li class=\"elementor-icon-list-item\">\n\t\t\t\t\t\t\t\t\t\t<span class=\"elementor-icon-list-text\">** Publication d\u2019un employ\u00e9 de LGL, mais ne r\u00e9sultant pas d\u2019un projet de LGL. Les documents publi\u00e9s par des employ\u00e9s de LGL-G avant qu\u2019ils ne se joignent \u00e0 la compagnie ne sont pas mentionn\u00e9s. <\/span>\n\t\t\t\t\t\t\t\t\t<\/li>\n\t\t\t\t\t\t\t\t<li class=\"elementor-icon-list-item\">\n\t\t\t\t\t\t\t\t\t\t<span class=\"elementor-icon-list-text\">\u2020 \u00c9tude men\u00e9e principalement par un sous-traitant ou une soci\u00e9t\u00e9 affili\u00e9e \u00e0 LGL.<\/span>\n\t\t\t\t\t\t\t\t\t<\/li>\n\t\t\t\t\t\t<\/ul>\n\t\t\t\t\t\t<\/div>\n\t\t\t\t<div class=\"elementor-element elementor-element-cfe4f14 publication_sub elementor-widget elementor-widget-text-editor\" data-id=\"cfe4f14\" data-element_type=\"widget\" data-widget_type=\"text-editor.default\">\n\t\t\t\t\t\t\t\t\t<div>Les r\u00e9f\u00e9rences apparaissant en <span style=\"color: #fea609; font-family: open sans, sans-serif;\">orange<\/span> ont \u00e9t\u00e9 publi\u00e9es depuis 2010.<span style=\"letter-spacing: 0px;\">\u00a0<\/span><\/div><div>_______________<\/div><div>\u00a0<\/div><div class=\"services_list_green\"><sup>1<\/sup> Depuis ses d\u00e9buts en 1983, Greeneridge Sciences Inc. a \u00e9t\u00e9 une soci\u00e9t\u00e9 affili\u00e9e \u00e0 LGL. Greeneridge faisait officiellement joint au Groupe LGL de 2008 \u00e0 2017.<\/div>\t\t\t\t\t\t\t\t<\/div>\n\t\t\t\t\t<\/div>\n\t\t<\/div>\n\t\t\t\t\t<\/div>\n\t\t<\/section>\n\t\t\t\t<div class=\"elementor-element elementor-element-356bab0 publication_list elementor-widget elementor-widget-text-editor\" data-id=\"356bab0\" data-element_type=\"widget\" data-widget_type=\"text-editor.default\">\n\t\t\t\t\t\t\t\t\t<p style=\"font-weight: 400;\">Truett, J.C. and D.W. Lay*. 1984. <strong style=\"font-weight: 600;\">Land of bears and honey. A natural history of East Texas<\/strong>**. Univ. Texas Press, Austin. 176 p. <a href=\"https:\/\/utpress.utexas.edu\/9780292781344\/land-of-bears-and-honey\" target=\"_blank\" rel=\"noopener\">link<\/a> or <a href=\"http:\/\/www.amazon.ca\/Land-Bears-Honey-Natural-History\/dp\/0292781342\" target=\"_blank\" rel=\"noopener\">link<\/a><\/p><p style=\"font-weight: 400;\">Truett, J.C.* and S.R. Johnson (eds.). 2000. <strong style=\"font-weight: 600;\">The natural history of an Arctic oil field\/development and the biota.<\/strong> Academic Press, San Diego, CA. 422 p. <a href=\"http:\/\/www.sciencedirect.com\/science\/book\/9780127012353\" target=\"_blank\" rel=\"noopener\">link<\/a> or <a href=\"http:\/\/www.amazon.ca\/Natural-History-Arctic-Oil-Field-ebook\/dp\/B00DY4KTTG\/ref=sr_1_1?ie=UTF8&amp;qid=1406912394&amp;sr=8-1&amp;keywords=Truett+the+natural+history+of+an+arctic+oil+field\" target=\"_blank\" rel=\"noopener\">link<\/a><\/p><p style=\"font-weight: 400;\">Tyurneva, O.Y.*, Y.M. Yakovlev*, C. Tombach Wright\u00ba and S.K. Meier. 2007. <strong style=\"font-weight: 600;\">The Western North Pacific gray whales of Sakhalin Island<\/strong>. Trafford Publ., Victoria, B.C. 194 p. <a href=\"http:\/\/www.amazon.ca\/Western-Pacific-Whales-Sakhalin-Island\/dp\/142511296X\/ref=sr_1_1?s=books&amp;ie=UTF8&amp;qid=1341933461&amp;sr=1-1\" target=\"_blank\" rel=\"noopener\">link<\/a><\/p><p style=\"font-weight: 400;\"><em>\u2014R\u00e9vis\u00e9e en janvier 2023<\/em><\/p>\t\t\t\t\t\t\t\t<\/div>\n\t\t\t\t\t<\/div>\n\t\t<\/div>\n\t\t\t\t\t<\/div>\n\t\t<\/section>\n\t\t\t\t<section class=\"elementor-section elementor-top-section elementor-element elementor-element-152e953 elementor-section-full_width elementor-section-height-min-height elementor-section-stretched elementor-section-height-default elementor-section-items-middle\" data-id=\"152e953\" data-element_type=\"section\" data-settings=\"{&quot;stretch_section&quot;:&quot;section-stretched&quot;,&quot;background_background&quot;:&quot;classic&quot;}\">\n\t\t\t\t\t\t<div class=\"elementor-container elementor-column-gap-default\">\n\t\t\t\t\t<div class=\"elementor-column elementor-col-100 elementor-top-column elementor-element elementor-element-2b7040a\" data-id=\"2b7040a\" data-element_type=\"column\">\n\t\t\t<div class=\"elementor-widget-wrap elementor-element-populated\">\n\t\t\t\t\t\t<div class=\"elementor-element elementor-element-65615cb elementor-align-center elementor-tablet-align-center elementor-widget__width-inherit elementor-widget-tablet__width-initial elementor-hidden-desktop elementor-hidden-tablet elementor-widget elementor-widget-button\" data-id=\"65615cb\" data-element_type=\"widget\" data-settings=\"{&quot;sticky&quot;:&quot;bottom&quot;,&quot;sticky_on&quot;:[&quot;mobile&quot;],&quot;sticky_offset_mobile&quot;:0,&quot;sticky_offset&quot;:0,&quot;sticky_effects_offset&quot;:0,&quot;sticky_anchor_link_offset&quot;:0}\" data-widget_type=\"button.default\">\n\t\t\t\t\t\t\t\t\t\t<a class=\"elementor-button elementor-button-link elementor-size-sm\" href=\"#elementor-action%3Aaction%3Dpopup%3Aopen%26settings%3DeyJpZCI6NDgyNiwidG9nZ2xlIjpmYWxzZX0%3D\">\n\t\t\t\t\t\t<span class=\"elementor-button-content-wrapper\">\n\t\t\t\t\t\t<span class=\"elementor-button-icon\">\n\t\t\t\t<i aria-hidden=\"true\" class=\"fas fa-bars\"><\/i>\t\t\t<\/span>\n\t\t\t\t\t\t\t\t\t<span class=\"elementor-button-text\">MENU DES PUBLICATIONS<\/span>\n\t\t\t\t\t<\/span>\n\t\t\t\t\t<\/a>\n\t\t\t\t\t\t\t\t<\/div>\n\t\t\t\t<div class=\"elementor-element elementor-element-0cccca8 elementor-align-center elementor-tablet-align-center elementor-widget__width-initial elementor-widget-tablet__width-initial services_menu elementor-hidden-mobile elementor-fixed elementor-widget elementor-widget-button\" data-id=\"0cccca8\" data-element_type=\"widget\" data-settings=\"{&quot;sticky&quot;:&quot;bottom&quot;,&quot;sticky_on&quot;:[&quot;desktop&quot;,&quot;tablet&quot;],&quot;sticky_offset_tablet&quot;:4,&quot;_position&quot;:&quot;fixed&quot;,&quot;sticky_offset&quot;:0,&quot;sticky_effects_offset&quot;:0,&quot;sticky_anchor_link_offset&quot;:0}\" data-widget_type=\"button.default\">\n\t\t\t\t\t\t\t\t\t\t<a class=\"elementor-button elementor-button-link elementor-size-sm\" href=\"#elementor-action%3Aaction%3Dpopup%3Aopen%26settings%3DeyJpZCI6NDgyNiwidG9nZ2xlIjpmYWxzZX0%3D\">\n\t\t\t\t\t\t<span class=\"elementor-button-content-wrapper\">\n\t\t\t\t\t\t<span class=\"elementor-button-icon\">\n\t\t\t\t<i aria-hidden=\"true\" class=\"fas fa-bars\"><\/i>\t\t\t<\/span>\n\t\t\t\t\t\t\t\t\t<span class=\"elementor-button-text\">MENU DES PUBLICATIONS<\/span>\n\t\t\t\t\t<\/span>\n\t\t\t\t\t<\/a>\n\t\t\t\t\t\t\t\t<\/div>\n\t\t\t\t\t<\/div>\n\t\t<\/div>\n\t\t\t\t\t<\/div>\n\t\t<\/section>\n\t\t\t\t<\/div>\n\t\t","protected":false},"excerpt":{"rendered":"<p>Livres des auteurs de LGL L\u00e9gende \u00ba Consultant ou sous-traitant de LGL G Avec Greeneridge Sciences Inc. 1 * Co-auteur ne travaillant pas pour LGL **<span class=\"excerpt-hellip\"> [\u2026]<\/span><\/p>\n","protected":false},"author":1,"featured_media":0,"parent":0,"menu_order":0,"comment_status":"closed","ping_status":"closed","template":"","meta":{"footnotes":""},"class_list":["post-4779","page","type-page","status-publish","hentry"],"_links":{"self":[{"href":"https:\/\/lgl.com\/fr\/wp-json\/wp\/v2\/pages\/4779","targetHints":{"allow":["GET"]}}],"collection":[{"href":"https:\/\/lgl.com\/fr\/wp-json\/wp\/v2\/pages"}],"about":[{"href":"https:\/\/lgl.com\/fr\/wp-json\/wp\/v2\/types\/page"}],"author":[{"embeddable":true,"href":"https:\/\/lgl.com\/fr\/wp-json\/wp\/v2\/users\/1"}],"replies":[{"embeddable":true,"href":"https:\/\/lgl.com\/fr\/wp-json\/wp\/v2\/comments?post=4779"}],"version-history":[{"count":0,"href":"https:\/\/lgl.com\/fr\/wp-json\/wp\/v2\/pages\/4779\/revisions"}],"wp:attachment":[{"href":"https:\/\/lgl.com\/fr\/wp-json\/wp\/v2\/media?parent=4779"}],"curies":[{"name":"wp","href":"https:\/\/api.w.org\/{rel}","templated":true}]}}