{"id":4824,"date":"2022-08-24T18:44:28","date_gmt":"2022-08-24T22:44:28","guid":{"rendered":"https:\/\/developing.lgl.com\/publications-ecologie-terrestre\/"},"modified":"2025-06-24T17:23:12","modified_gmt":"2025-06-24T21:23:12","slug":"publications-ecologie-terrestre","status":"publish","type":"page","link":"https:\/\/lgl.com\/fr\/publications-ecologie-terrestre\/","title":{"rendered":"Publications &#8211; \u00c9cologie terrestre"},"content":{"rendered":"\t\t<div data-elementor-type=\"wp-page\" data-elementor-id=\"4824\" class=\"elementor elementor-4824 elementor-1779\" data-elementor-post-type=\"page\">\n\t\t\t\t\t\t<section class=\"elementor-section elementor-top-section elementor-element elementor-element-1600b961 elementor-section-full_width elementor-section-height-min-height elementor-section-stretched service_fold elementor-section-height-default elementor-section-items-middle\" data-id=\"1600b961\" data-element_type=\"section\" data-settings=\"{&quot;stretch_section&quot;:&quot;section-stretched&quot;,&quot;background_background&quot;:&quot;classic&quot;}\">\n\t\t\t\t\t\t<div class=\"elementor-container elementor-column-gap-default\">\n\t\t\t\t\t<div class=\"elementor-column elementor-col-100 elementor-top-column elementor-element elementor-element-2eed0ebc\" data-id=\"2eed0ebc\" data-element_type=\"column\">\n\t\t\t<div class=\"elementor-widget-wrap elementor-element-populated\">\n\t\t\t\t\t\t<section class=\"elementor-section elementor-inner-section elementor-element elementor-element-43a4733d elementor-reverse-mobile elementor-section-boxed elementor-section-height-default elementor-section-height-default\" data-id=\"43a4733d\" data-element_type=\"section\">\n\t\t\t\t\t\t<div class=\"elementor-container elementor-column-gap-default\">\n\t\t\t\t\t<div class=\"elementor-column elementor-col-50 elementor-inner-column elementor-element elementor-element-6f2cb14f\" data-id=\"6f2cb14f\" data-element_type=\"column\">\n\t\t\t<div class=\"elementor-widget-wrap elementor-element-populated\">\n\t\t\t\t\t\t<div class=\"elementor-element elementor-element-6d5191a4 publication_title elementor-widget elementor-widget-heading\" data-id=\"6d5191a4\" data-element_type=\"widget\" data-widget_type=\"heading.default\">\n\t\t\t\t\t<h2 class=\"elementor-heading-title elementor-size-default\">\u00c9cologie terrestre<\/h2>\t\t\t\t<\/div>\n\t\t\t\t\t<\/div>\n\t\t<\/div>\n\t\t\t\t<div class=\"elementor-column elementor-col-50 elementor-inner-column elementor-element elementor-element-53dddb40\" data-id=\"53dddb40\" data-element_type=\"column\">\n\t\t\t<div class=\"elementor-widget-wrap\">\n\t\t\t\t\t\t\t<\/div>\n\t\t<\/div>\n\t\t\t\t\t<\/div>\n\t\t<\/section>\n\t\t\t\t\t<\/div>\n\t\t<\/div>\n\t\t\t\t\t<\/div>\n\t\t<\/section>\n\t\t\t\t<section class=\"elementor-section elementor-top-section elementor-element elementor-element-3747e29a elementor-section-full_width elementor-section-stretched publications publication_link elementor-section-height-default elementor-section-height-default\" data-id=\"3747e29a\" data-element_type=\"section\" data-settings=\"{&quot;stretch_section&quot;:&quot;section-stretched&quot;}\">\n\t\t\t\t\t\t<div class=\"elementor-container elementor-column-gap-default\">\n\t\t\t\t\t<div class=\"elementor-column elementor-col-50 elementor-top-column elementor-element elementor-element-26bbdb61\" data-id=\"26bbdb61\" data-element_type=\"column\">\n\t\t\t<div class=\"elementor-widget-wrap elementor-element-populated\">\n\t\t\t\t\t\t<section class=\"elementor-section elementor-inner-section elementor-element elementor-element-01177ee elementor-hidden-desktop elementor-hidden-tablet elementor-section-boxed elementor-section-height-default elementor-section-height-default\" data-id=\"01177ee\" data-element_type=\"section\" data-settings=\"{&quot;background_background&quot;:&quot;classic&quot;}\">\n\t\t\t\t\t\t<div class=\"elementor-container elementor-column-gap-default\">\n\t\t\t\t\t<div class=\"elementor-column elementor-col-100 elementor-inner-column elementor-element elementor-element-78fb4c1\" data-id=\"78fb4c1\" data-element_type=\"column\" data-settings=\"{&quot;background_background&quot;:&quot;classic&quot;}\">\n\t\t\t<div class=\"elementor-widget-wrap elementor-element-populated\">\n\t\t\t\t\t\t<div class=\"elementor-element elementor-element-721f2c1 elementor-widget elementor-widget-heading\" data-id=\"721f2c1\" data-element_type=\"widget\" data-widget_type=\"heading.default\">\n\t\t\t\t\t<h2 class=\"elementor-heading-title elementor-size-default\">L\u00e9gende<\/h2>\t\t\t\t<\/div>\n\t\t\t\t<div class=\"elementor-element elementor-element-6fad90c publication_legend elementor-icon-list--layout-traditional elementor-list-item-link-full_width elementor-widget elementor-widget-icon-list\" data-id=\"6fad90c\" data-element_type=\"widget\" data-widget_type=\"icon-list.default\">\n\t\t\t\t\t\t\t<ul class=\"elementor-icon-list-items\">\n\t\t\t\t\t\t\t<li class=\"elementor-icon-list-item\">\n\t\t\t\t\t\t\t\t\t\t<span class=\"elementor-icon-list-text\">\u00ba Consultant ou sous-traitant de LGL<\/span>\n\t\t\t\t\t\t\t\t\t<\/li>\n\t\t\t\t\t\t\t\t<li class=\"elementor-icon-list-item\">\n\t\t\t\t\t\t\t\t\t\t<span class=\"elementor-icon-list-text\"><sup>G<\/sup> Avec Greeneridge Sciences Inc. <sup>1<\/sup><\/span>\n\t\t\t\t\t\t\t\t\t<\/li>\n\t\t\t\t\t\t\t\t<li class=\"elementor-icon-list-item\">\n\t\t\t\t\t\t\t\t\t\t<span class=\"elementor-icon-list-text\">* Co-auteur ne travaillant pas pour LGL<\/span>\n\t\t\t\t\t\t\t\t\t<\/li>\n\t\t\t\t\t\t\t\t<li class=\"elementor-icon-list-item\">\n\t\t\t\t\t\t\t\t\t\t<span class=\"elementor-icon-list-text\">** Publication d\u2019un employ\u00e9 de LGL, mais ne r\u00e9sultant pas d\u2019un projet de LGL. Les documents publi\u00e9s par des employ\u00e9s de LGL-G avant qu\u2019ils ne se joignent \u00e0 la compagnie ne sont pas mentionn\u00e9s. <\/span>\n\t\t\t\t\t\t\t\t\t<\/li>\n\t\t\t\t\t\t\t\t<li class=\"elementor-icon-list-item\">\n\t\t\t\t\t\t\t\t\t\t<span class=\"elementor-icon-list-text\">\u2020 \u00c9tude men\u00e9e principalement par un sous-traitant ou une soci\u00e9t\u00e9 affili\u00e9e \u00e0 LGL.<\/span>\n\t\t\t\t\t\t\t\t\t<\/li>\n\t\t\t\t\t\t<\/ul>\n\t\t\t\t\t\t<\/div>\n\t\t\t\t<div class=\"elementor-element elementor-element-34c8905 publication_sub elementor-widget elementor-widget-text-editor\" data-id=\"34c8905\" data-element_type=\"widget\" data-widget_type=\"text-editor.default\">\n\t\t\t\t\t\t\t\t\t<div>Les r\u00e9f\u00e9rences apparaissant en <span class=\"publication_blue\">orange<\/span> ont \u00e9t\u00e9 publi\u00e9es depuis 2010.<\/div>\n<div class=\"services_list_green\"><\/div>\n<div>_______________<\/div>\n<div><\/div>\n<div class=\"services_list_green\"><sup>1<\/sup> Depuis ses d\u00e9buts en 1983, Greeneridge Sciences Inc. a \u00e9t\u00e9 une soci\u00e9t\u00e9 affili\u00e9e \u00e0 LGL. Greeneridge faisait officiellement joint au Groupe LGL de 2008 \u00e0 2017.<\/div>\t\t\t\t\t\t\t\t<\/div>\n\t\t\t\t\t<\/div>\n\t\t<\/div>\n\t\t\t\t\t<\/div>\n\t\t<\/section>\n\t\t\t\t<div class=\"elementor-element elementor-element-7fa9de75 publication_list elementor-widget elementor-widget-text-editor\" data-id=\"7fa9de75\" data-element_type=\"widget\" data-widget_type=\"text-editor.default\">\n\t\t\t\t\t\t\t\t\t<p style=\"font-weight: 400;\"><strong style=\"font-weight: 600;\">Voir aussi : publications sur <a href=\"https:\/\/lgl.com\/fr\/publications-mammiferes-terrestres\">Mammif\u00e8res terrestres<\/a>, <a href=\"https:\/\/lgl.com\/fr\/publications-oiseaux\">Oiseaux<\/a>, et <a href=\"https:\/\/lgl.com\/fr\/publications-reptiles-et-amphibiens\">Reptiles &amp; amphibiens<\/a><\/strong><\/p>\n<p class=\"publication_blue\">Cameron, R.*, I. Goudie and D. Richardson*. 2013. Habitat loss exceeds habitat regeneration for an IUCN flagship lichen epiphyte: <em>Erioderma pedicellatum<\/em>. <strong style=\"font-weight: 600;\">Can. J. Forest. Res.<\/strong> 43(11):1075\u20111080. <a href=\"http:\/\/dx.doi.org\/10.1139\/cjfr-2013-0024\" target=\"_blank\" rel=\"noopener\">link<\/a><\/p>\n<p class=\"publication_blue\">Carlson, G.L.* and S. Tupper. 2020. Ski wax use contributes to environmental contamination by per- and polyfluoroalkyl substances**. <strong style=\"font-weight: 600;\">Chemosphere<\/strong> 261(2020):128078. <a href=\"https:\/\/doi.org\/10.1016\/j.chemosphere.2020.128078\" target=\"_blank\" rel=\"noopener\">link<\/a><\/p>\n<p style=\"font-weight: 400;\">Funk, D.W., L.E. Noel and A.H. Freedman. 2004. Environmental gradients, plant distribution, and species richness in Arctic salt marsh near Prudhoe Bay, Alaska. <strong style=\"font-weight: 600;\">Wetlands Ecol. Manage. <\/strong>12(3):215\u2011233. <a href=\"http:\/\/dx.doi.org\/10.1023\/B:WETL.0000034074.81373.65\" target=\"_blank\" rel=\"noopener\">link<\/a><\/p>\n<p class=\"publication_blue\">Gerwing, T.G. and V.C. Hawkes. 2021. Similarity analyses in restoration ecology and how to improve their utility. <strong style=\"font-weight: 600;\"> Restor. Ecol.<\/strong> 29(4):e13368. <a href=\"https:\/\/doi.org\/10.1111\/rec.13461\" target=\"_blank\" rel=\"noopener\">link<\/a><\/p>\n<p class=\"publication_blue\">Gerwing, T.G., V.C. Hawkes, G.D. Gann* and S.D. Murphy*. 2021. Restoration, reclamation, and rehabilitation: on the need for, and positing a definition of, ecological reclamation. <strong style=\"font-weight: 600;\"> Restor. Ecol.<\/strong> 30(7)e13461. <a href=\"https:\/\/doi.org\/10.1111\/rec.13461\" target=\"_blank\" rel=\"noopener\">link<\/a><\/p>\n<p class=\"publication_blue\">Gerwing, T.G.*, V.C. Hawkes and S.D. Murphy*. 2023. Speaking the same language: aligning project designations to clarify communication in restoration ecology**. <strong style=\"font-weight: 600;\">Environ. Rev. <\/strong>31(3):498-508. <a href=\"https:\/\/doi.org\/10.1139\/er-2022-0091\" target=\"_blank\" rel=\"noopener\">link<\/a><\/p>\n<p style=\"font-weight: 400;\">Gilders, M.A. and M.A. Cronin. 2000. North Slope oil field development. p. 15\u201133<em> In<\/em>: J.C. Truett and S.R. Johnson (eds.), The natural history of an Arctic oil field\/development and the biota. Academic Press, San Diego, CA. 422 p. <a href=\"http:\/\/dx.doi.org\/10.1016\/B978-012701235-3\/50004-0\" target=\"_blank\" rel=\"noopener\">link<\/a><\/p>\n<p style=\"font-weight: 400;\">Goodban, A.G.\u00ba, W.D. Bakowsky* and B.D. Bricker. 1999. The historical and present extent and floristic composition of prairie and savanna vegetation in the vicinity of Hamilton, Ontario**. p. 87\u2011103 <em>In<\/em>: C. Warwick (ed.), <strong style=\"font-weight: 600;\">Proc. 15th N. Am. Prairie Conf<\/strong>. Natural Areas Assoc., Bend, OR.<\/p>\n<p class=\"publication_blue\">Goudie, R.I., C. Scheidegger*, C. Hanel*, A. Munier* and E. Conway*. 2011. New population models help explain declines in the globally rare boreal felt lichen <em>Erioderma pedicellatum<\/em> in Newfoundland. <strong style=\"font-weight: 600;\">Endang. Species Res. <\/strong>13(3):181\u2011189. <a href=\"http:\/\/dx.doi.org\/10.3354\/esr00326\" target=\"_blank\" rel=\"noopener\">link<\/a><\/p>\n<p class=\"publication_blue\">Hassink, N., P.P. Bonnaventure* and D.L. Johnson*. 2025. Air and surface temperature modelling across a temperate mountain landscape: an investigation of microclimatic influences on surface offsets viewed within the context of epigaeic arthropod thermal habitat**. <strong style=\"font-weight: 600;\"> Can. Geogr.\/G\u00e9ogr. Can.<\/strong> 69:e70003. <a href=\"https:\/\/doi.org\/10.1111\/cag.70003\" target=\"_blank\" rel=\"noopener\">link<\/a><\/p>\n<p class=\"publication_blue\">Hawkes, V.C. and T.G. Gerwing. 2019. Wildlife usage indicates increased similarity between reclaimed upland habitat and mature boreal forest in the Athabasca Oil Sands Region of Alberta, Canada. <strong style=\"font-weight: 600;\"> PLoS ONE<\/strong> 14(6):e0217556. 17 p. <a href=\"https:\/\/doi.org\/10.1371\/journal.pone.0217556\" target=\"_blank\" rel=\"noopener\">link<\/a><\/p>\n<p class=\"publication_blue\">Hawkes, V.C., P. Gibeau and W. Challenger. 2024. Making sense of wildlife habitat use on active oil sands mines: quasi\u2011experiments, occupancy models, trends assessments and upland habitat reclamation. <strong style=\"font-weight: 600;\"> Ecol. Solut. Evid.<\/strong> 5:e12367. <a href=\"https:\/\/doi.org\/10.1002\/2688-8319.12367\" target=\"_blank\" rel=\"noopener\">link<\/a><\/p>\n<p class=\"publication_blue\">Hawkes, V.C., J. Hornung*, J. Novoa, M.T. Miller and S. Kohlsmith*. 2025. Wetlands happen: the delineation and classification of opportunistic wetlands in the Athabasca oil sands region of Canada. <strong style=\"font-weight: 600;\"> Wetlands Ecol. Manage.<\/strong> 33:19. <a href=\"https:\/\/doi.org\/10.1007\/s11273-025-10034-7\" target=\"_blank\" rel=\"noopener\">link<\/a><\/p>\n<p class=\"publication_blue\">Hawkes, V.C., M.T. Miller, J. Novoa, E. Ibeke* and J.P. Martin*. 2020. Opportunistic wetland formation, characterization, and quantification on landforms reclaimed to upland ecosites in the Athabasca Oil Sands Region. <strong style=\"font-weight: 600;\"> Wetlands Ecol. Manage.<\/strong> 28:953\u2011970. <a href=\"https:\/\/doi.org\/10.1007\/s11273-020-09760-x\" target=\"_blank\" rel=\"noopener\">link<\/a><\/p>\n<p style=\"font-weight: 400;\">Johnson, S.R., S.B. Yazvenko, Y.Y. Dgebuadze* and E.A. Kriksunov*. 1999. The status of biological research in the Russian Arctic. <strong style=\"font-weight: 600;\">Arctic<\/strong> 52(3):317\u2011324. <a href=\"https:\/\/doi.org\/10.14430\/arctic937\" target=\"_blank\" rel=\"noopener\">link<\/a><\/p>\n<p class=\"publication_blue\">Ovaska, K.*, L. Sopuck* and D. Robichaud. 2016. Short\u2011term effects of variable\u2011retention logging practices on terrestrial gastropods in coastal forests of British Columbia**. <strong style=\"font-weight: 600;\">Northwest Sci.<\/strong> 90(3):260\u2011277. <a href=\"http:\/\/dx.doi.org\/10.3955\/046.090.0304\" target=\"_blank\" rel=\"noopener\">link<\/a><\/p>\t\t\t\t\t\t\t\t<\/div>\n\t\t\t\t\t<\/div>\n\t\t<\/div>\n\t\t\t\t<div class=\"elementor-column elementor-col-50 elementor-top-column elementor-element elementor-element-2390e768\" data-id=\"2390e768\" data-element_type=\"column\">\n\t\t\t<div class=\"elementor-widget-wrap elementor-element-populated\">\n\t\t\t\t\t\t<section class=\"elementor-section elementor-inner-section elementor-element elementor-element-4ac2df7 elementor-hidden-mobile elementor-section-boxed elementor-section-height-default elementor-section-height-default\" data-id=\"4ac2df7\" data-element_type=\"section\" data-settings=\"{&quot;background_background&quot;:&quot;classic&quot;}\">\n\t\t\t\t\t\t<div class=\"elementor-container elementor-column-gap-default\">\n\t\t\t\t\t<div class=\"elementor-column elementor-col-100 elementor-inner-column elementor-element elementor-element-d97e64a\" data-id=\"d97e64a\" data-element_type=\"column\" data-settings=\"{&quot;background_background&quot;:&quot;classic&quot;}\">\n\t\t\t<div class=\"elementor-widget-wrap elementor-element-populated\">\n\t\t\t\t\t\t<div class=\"elementor-element elementor-element-449db9a elementor-widget elementor-widget-heading\" data-id=\"449db9a\" data-element_type=\"widget\" data-widget_type=\"heading.default\">\n\t\t\t\t\t<h2 class=\"elementor-heading-title elementor-size-default\">L\u00e9gende<\/h2>\t\t\t\t<\/div>\n\t\t\t\t<div class=\"elementor-element elementor-element-c8fa0aa publication_legend elementor-icon-list--layout-traditional elementor-list-item-link-full_width elementor-widget elementor-widget-icon-list\" data-id=\"c8fa0aa\" data-element_type=\"widget\" data-widget_type=\"icon-list.default\">\n\t\t\t\t\t\t\t<ul class=\"elementor-icon-list-items\">\n\t\t\t\t\t\t\t<li class=\"elementor-icon-list-item\">\n\t\t\t\t\t\t\t\t\t\t<span class=\"elementor-icon-list-text\">\u00ba Consultant ou sous-traitant de LGL<\/span>\n\t\t\t\t\t\t\t\t\t<\/li>\n\t\t\t\t\t\t\t\t<li class=\"elementor-icon-list-item\">\n\t\t\t\t\t\t\t\t\t\t<span class=\"elementor-icon-list-text\"><sup>G<\/sup> Avec Greeneridge Sciences Inc.<sup>1<\/sup><\/span>\n\t\t\t\t\t\t\t\t\t<\/li>\n\t\t\t\t\t\t\t\t<li class=\"elementor-icon-list-item\">\n\t\t\t\t\t\t\t\t\t\t<span class=\"elementor-icon-list-text\">* Co-auteur ne travaillant pas pour LGL<\/span>\n\t\t\t\t\t\t\t\t\t<\/li>\n\t\t\t\t\t\t\t\t<li class=\"elementor-icon-list-item\">\n\t\t\t\t\t\t\t\t\t\t<span class=\"elementor-icon-list-text\">** Publication d\u2019un employ\u00e9 de LGL, mais ne r\u00e9sultant pas d\u2019un projet de LGL. Les documents publi\u00e9s par des employ\u00e9s de LGL-G avant qu\u2019ils ne se joignent \u00e0 la compagnie ne sont pas mentionn\u00e9s. <\/span>\n\t\t\t\t\t\t\t\t\t<\/li>\n\t\t\t\t\t\t\t\t<li class=\"elementor-icon-list-item\">\n\t\t\t\t\t\t\t\t\t\t<span class=\"elementor-icon-list-text\">\u2020 \u00c9tude men\u00e9e principalement par un sous-traitant ou une soci\u00e9t\u00e9 affili\u00e9e \u00e0 LGL.<\/span>\n\t\t\t\t\t\t\t\t\t<\/li>\n\t\t\t\t\t\t<\/ul>\n\t\t\t\t\t\t<\/div>\n\t\t\t\t<div class=\"elementor-element elementor-element-794e27e publication_sub elementor-widget elementor-widget-text-editor\" data-id=\"794e27e\" data-element_type=\"widget\" data-widget_type=\"text-editor.default\">\n\t\t\t\t\t\t\t\t\t<div>Les r\u00e9f\u00e9rences apparaissant en <span style=\"color: #fea609;\">orange<\/span> ont \u00e9t\u00e9 publi\u00e9es depuis 2010.<\/div>\n<div class=\"services_list_green\"> <\/div>\n<div>_______________<\/div>\n<div> <\/div>\n<div class=\"services_list_green\"><sup>1<\/sup> Depuis ses d\u00e9buts en 1983, Greeneridge Sciences Inc. a \u00e9t\u00e9 une soci\u00e9t\u00e9 affili\u00e9e \u00e0 LGL. Greeneridge faisait officiellement joint au Groupe LGL de 2008 \u00e0 2017.<\/div>\n\t\t\t\t\t\t\t\t<\/div>\n\t\t\t\t\t<\/div>\n\t\t<\/div>\n\t\t\t\t\t<\/div>\n\t\t<\/section>\n\t\t\t\t<div class=\"elementor-element elementor-element-28912cea publication_list elementor-widget elementor-widget-text-editor\" data-id=\"28912cea\" data-element_type=\"widget\" data-widget_type=\"text-editor.default\">\n\t\t\t\t\t\t\t\t\t<p class=\"publication_blue\">Pinno, B.D.* and V.C. Hawkes. 2015. Temporal trends of ecosystem development on different site types in reclaimed boreal forests. <strong> Forests<\/strong> 6(6):2109\u20112124. <a href=\"http:\/\/dx.doi.org\/10.3390\/f6062109\" target=\"_blank\" rel=\"noopener\">link<\/a><\/p><p class=\"publication_blue\">Shefferson, R.P.* and 33 others including M.T. Miller. 2018. Drivers of vegetative dormancy across herbaceous perennial plant species. <strong>Ecol. Lett.<\/strong> 21(5):724-733. <a href=\"https:\/\/doi.org\/10.1111\/ele.12940\" target=\"_blank\" rel=\"noopener\">link<\/a><\/p><p style=\"font-weight: 400;\">Tremaine, R. 1993. Valuing tropical rain forests**. <strong style=\"font-weight: 600;\">Conserv. Biol.<\/strong> 7(1):7\u20118. <a href=\"http:\/\/dx.doi.org\/10.1046\/j.1523-1739.1993.07010005-4.x\" target=\"_blank\" rel=\"noopener\">link<\/a><\/p><p style=\"font-weight: 400;\">Truett, J.C. and R.J. Douglass. 1982. Ecosystem analysis for terrestrial baseline studies \u2013 an example in Colorado&rsquo;s Piceance Basin. p. 57\u201169 <em>In<\/em>: Land and water issues related to energy development. Ann Arbor Sciences Press.<\/p><p style=\"font-weight: 400;\">Truett, J.C. and D.W. Lay*. 1984. <strong style=\"font-weight: 600;\">Land of bears and honey. A natural history of East Texas<\/strong>**. Univ. Texas Press, Austin. 176 p. <a href=\"https:\/\/utpress.utexas.edu\/index.php\/books\/trulan\" target=\"_blank\" rel=\"noopener\">link<\/a> or <a href=\"http:\/\/www.amazon.ca\/Land-Bears-Honey-Natural-History\/dp\/0292781342\" target=\"_blank\" rel=\"noopener\">link<\/a><\/p><p style=\"font-weight: 400;\">Truett, J.C. and K. Kertell. 1992. Tundra disturbance and ecosystem production: implications for impact assessment. <strong style=\"font-weight: 600;\">Environ. Manage.<\/strong> 16(4):485\u2011494. <a href=\"http:\/\/dx.doi.org\/10.1007\/BF02394124\" target=\"_blank\" rel=\"noopener\">link<\/a><\/p><p style=\"font-weight: 400;\">Truett, J.C.* and S.R. Johnson (eds.). 2000. <strong style=\"font-weight: 600;\">The natural history of an Arctic oil field\/development and the biota.<\/strong> Academic Press, San Diego, CA. 422 p. <a href=\"http:\/\/www.sciencedirect.com\/science\/book\/9780127012353\" target=\"_blank\" rel=\"noopener\">link<\/a> or <a href=\"http:\/\/www.amazon.ca\/Natural-History-Arctic-Oil-Field-ebook\/dp\/B00DY4KTTG\/ref=sr_1_1?ie=UTF8&amp;qid=1406912394&amp;sr=8-1&amp;keywords=Truett+the+natural+history+of+an+arctic+oil+field\" target=\"_blank\" rel=\"noopener\">link<\/a><\/p><p style=\"font-weight: 400;\">Wang, M. and P.J. Howarth*. 1993. Modeling errors in remote sensing image classification**. <strong style=\"font-weight: 600;\">Remote Sens. Environ.<\/strong> 45(3):261\u2011271. <a href=\"http:\/\/dx.doi.org\/10.1016\/0034-4257%2893%2990109-B\" target=\"_blank\" rel=\"noopener\">link<\/a><\/p><p style=\"font-weight: 400;\">Yazvenko, S. 1998. Focus\/From pollen to plants**. p. 14\u201120 <em>In<\/em>: J.L. Davis (ed.), Sandy Pylos\/an archaeological history from Nestor to Navarino. Univ. Texas Press, Austin, TX. 342 p.<\/p><p style=\"font-weight: 400;\">Yazvenko, S.B. and D.J. Rapport*. 1997. The history of the ponderosa pine pathology: implications for management**. <strong style=\"font-weight: 600;\">J. Forestry<\/strong> 95(12):16\u201120. <a href=\"http:\/\/www.ingentaconnect.com\/content\/saf\/jof\/1997\/00000095\/00000012\/art00009\" target=\"_blank\" rel=\"noopener\">link<\/a><\/p><p style=\"font-weight: 400;\">Zangger, E.*, M.E. Timpson*, S.B. Yazvenko, F. Kuhnke* and J. Knauss*. 1997. The Pylos regional archaeological project\/Part II: landscape evolution and site preservation**. <strong style=\"font-weight: 600;\">Hesperia, J. Am. Sch. Classical Stud. Athens<\/strong> 66(4):549\u2011641. <a href=\"http:\/\/www.jstor.org\/pss\/148467\" target=\"_blank\" rel=\"noopener\">link<\/a><\/p><p style=\"font-weight: 400;\">Zangger, E.*, M. Timpson*, S. Yazvenko and H. Leiermann*. 1999. Searching for the Ports of Troy**. p. 89\u2011103 <em>In<\/em>: P. Leveau, F. Tr\u00e9ment, K. Walsh and G. Barker (eds.), Environmental reconstruction in Mediterranean landscape archaeology. Oxbow Books, Oxford, U.K.<\/p><p style=\"font-weight: 400;\"><em>\u2014R\u00e9vis\u00e9e en f\u00e9vrier 2025<\/em><\/p>\t\t\t\t\t\t\t\t<\/div>\n\t\t\t\t\t<\/div>\n\t\t<\/div>\n\t\t\t\t\t<\/div>\n\t\t<\/section>\n\t\t\t\t<section class=\"elementor-section elementor-top-section elementor-element elementor-element-4fa8059 elementor-section-full_width elementor-section-height-min-height elementor-section-stretched elementor-section-height-default elementor-section-items-middle\" data-id=\"4fa8059\" data-element_type=\"section\" data-settings=\"{&quot;stretch_section&quot;:&quot;section-stretched&quot;,&quot;background_background&quot;:&quot;classic&quot;}\">\n\t\t\t\t\t\t<div class=\"elementor-container elementor-column-gap-default\">\n\t\t\t\t\t<div class=\"elementor-column elementor-col-100 elementor-top-column elementor-element elementor-element-db1f15f\" data-id=\"db1f15f\" data-element_type=\"column\">\n\t\t\t<div class=\"elementor-widget-wrap elementor-element-populated\">\n\t\t\t\t\t\t<div class=\"elementor-element elementor-element-0736e52 elementor-align-center elementor-tablet-align-center elementor-widget__width-inherit elementor-widget-tablet__width-initial elementor-hidden-desktop elementor-hidden-tablet elementor-widget elementor-widget-button\" data-id=\"0736e52\" data-element_type=\"widget\" data-settings=\"{&quot;sticky&quot;:&quot;bottom&quot;,&quot;sticky_on&quot;:[&quot;mobile&quot;],&quot;sticky_offset_mobile&quot;:0,&quot;sticky_offset&quot;:0,&quot;sticky_effects_offset&quot;:0,&quot;sticky_anchor_link_offset&quot;:0}\" data-widget_type=\"button.default\">\n\t\t\t\t\t\t\t\t\t\t<a class=\"elementor-button elementor-button-link elementor-size-sm\" href=\"#elementor-action%3Aaction%3Dpopup%3Aopen%26settings%3DeyJpZCI6NDgyNiwidG9nZ2xlIjpmYWxzZX0%3D\">\n\t\t\t\t\t\t<span class=\"elementor-button-content-wrapper\">\n\t\t\t\t\t\t<span class=\"elementor-button-icon\">\n\t\t\t\t<i aria-hidden=\"true\" class=\"fas fa-bars\"><\/i>\t\t\t<\/span>\n\t\t\t\t\t\t\t\t\t<span class=\"elementor-button-text\">MENU DES PUBLICATIONS<\/span>\n\t\t\t\t\t<\/span>\n\t\t\t\t\t<\/a>\n\t\t\t\t\t\t\t\t<\/div>\n\t\t\t\t<div class=\"elementor-element elementor-element-de5e160 elementor-align-center elementor-tablet-align-center elementor-widget__width-initial elementor-widget-tablet__width-initial services_menu elementor-hidden-mobile elementor-fixed elementor-widget elementor-widget-button\" data-id=\"de5e160\" data-element_type=\"widget\" data-settings=\"{&quot;sticky&quot;:&quot;bottom&quot;,&quot;sticky_on&quot;:[&quot;desktop&quot;,&quot;tablet&quot;],&quot;sticky_offset_tablet&quot;:4,&quot;_position&quot;:&quot;fixed&quot;,&quot;sticky_offset&quot;:0,&quot;sticky_effects_offset&quot;:0,&quot;sticky_anchor_link_offset&quot;:0}\" data-widget_type=\"button.default\">\n\t\t\t\t\t\t\t\t\t\t<a class=\"elementor-button elementor-button-link elementor-size-sm\" href=\"#elementor-action%3Aaction%3Dpopup%3Aopen%26settings%3DeyJpZCI6NDgyNiwidG9nZ2xlIjpmYWxzZX0%3D\">\n\t\t\t\t\t\t<span class=\"elementor-button-content-wrapper\">\n\t\t\t\t\t\t<span class=\"elementor-button-icon\">\n\t\t\t\t<i aria-hidden=\"true\" class=\"fas fa-bars\"><\/i>\t\t\t<\/span>\n\t\t\t\t\t\t\t\t\t<span class=\"elementor-button-text\">MENU DES PUBLICATIONS<\/span>\n\t\t\t\t\t<\/span>\n\t\t\t\t\t<\/a>\n\t\t\t\t\t\t\t\t<\/div>\n\t\t\t\t\t<\/div>\n\t\t<\/div>\n\t\t\t\t\t<\/div>\n\t\t<\/section>\n\t\t\t\t<\/div>\n\t\t","protected":false},"excerpt":{"rendered":"<p>\u00c9cologie terrestre L\u00e9gende \u00ba Consultant ou sous-traitant de LGL G Avec Greeneridge Sciences Inc. 1 * Co-auteur ne travaillant pas pour LGL ** Publication d\u2019un employ\u00e9<span class=\"excerpt-hellip\"> [\u2026]<\/span><\/p>\n","protected":false},"author":1,"featured_media":0,"parent":0,"menu_order":0,"comment_status":"closed","ping_status":"closed","template":"","meta":{"footnotes":""},"class_list":["post-4824","page","type-page","status-publish","hentry"],"_links":{"self":[{"href":"https:\/\/lgl.com\/fr\/wp-json\/wp\/v2\/pages\/4824","targetHints":{"allow":["GET"]}}],"collection":[{"href":"https:\/\/lgl.com\/fr\/wp-json\/wp\/v2\/pages"}],"about":[{"href":"https:\/\/lgl.com\/fr\/wp-json\/wp\/v2\/types\/page"}],"author":[{"embeddable":true,"href":"https:\/\/lgl.com\/fr\/wp-json\/wp\/v2\/users\/1"}],"replies":[{"embeddable":true,"href":"https:\/\/lgl.com\/fr\/wp-json\/wp\/v2\/comments?post=4824"}],"version-history":[{"count":0,"href":"https:\/\/lgl.com\/fr\/wp-json\/wp\/v2\/pages\/4824\/revisions"}],"wp:attachment":[{"href":"https:\/\/lgl.com\/fr\/wp-json\/wp\/v2\/media?parent=4824"}],"curies":[{"name":"wp","href":"https:\/\/api.w.org\/{rel}","templated":true}]}}