{"id":9980,"date":"2024-05-21T12:00:50","date_gmt":"2024-05-21T16:00:50","guid":{"rendered":"https:\/\/lgl.com\/scientifique-emerite\/"},"modified":"2026-02-28T06:18:05","modified_gmt":"2026-02-28T11:18:05","slug":"scientifique-emerite","status":"publish","type":"page","link":"https:\/\/lgl.com\/fr\/scientifique-emerite\/","title":{"rendered":"Scientifique \u00e9m\u00e9rite"},"content":{"rendered":"\t\t<div data-elementor-type=\"wp-page\" data-elementor-id=\"9980\" class=\"elementor elementor-9980 elementor-9879\" data-elementor-post-type=\"page\">\n\t\t\t\t\t\t<section class=\"elementor-section elementor-top-section elementor-element elementor-element-5a02c3e elementor-section-stretched elementor-section-height-min-height elementor-reverse-mobile service_fold elementor-section-boxed elementor-section-height-default elementor-section-items-middle\" data-id=\"5a02c3e\" data-element_type=\"section\" data-settings=\"{&quot;stretch_section&quot;:&quot;section-stretched&quot;,&quot;background_background&quot;:&quot;classic&quot;}\">\n\t\t\t\t\t\t\t<div class=\"elementor-background-overlay\"><\/div>\n\t\t\t\t\t\t\t<div class=\"elementor-container elementor-column-gap-wider\">\n\t\t\t\t\t<div class=\"elementor-column elementor-col-50 elementor-top-column elementor-element elementor-element-8fa9b16\" data-id=\"8fa9b16\" data-element_type=\"column\">\n\t\t\t<div class=\"elementor-widget-wrap elementor-element-populated\">\n\t\t\t\t\t\t<div class=\"elementor-element elementor-element-bf8392d elementor-widget__width-initial elementor-widget elementor-widget-text-editor\" data-id=\"bf8392d\" data-element_type=\"widget\" data-widget_type=\"text-editor.default\">\n\t\t\t\t\t\t\t\t\t<h3 class=\"services_title\">SCIENTIFIQUE \u00c9M\u00c9RITE<\/h3>\n<p class=\"services_blurb\"><\/p>\t\t\t\t\t\t\t\t<\/div>\n\t\t\t\t\t<\/div>\n\t\t<\/div>\n\t\t\t\t<div class=\"elementor-column elementor-col-50 elementor-top-column elementor-element elementor-element-5610fec\" data-id=\"5610fec\" data-element_type=\"column\">\n\t\t\t<div class=\"elementor-widget-wrap\">\n\t\t\t\t\t\t\t<\/div>\n\t\t<\/div>\n\t\t\t\t\t<\/div>\n\t\t<\/section>\n\t\t\t\t<section class=\"elementor-section elementor-top-section elementor-element elementor-element-2dfc771 elementor-section-stretched elementor-section-full_width elementor-reverse-mobile elementor-section-height-default elementor-section-height-default\" data-id=\"2dfc771\" data-element_type=\"section\" data-settings=\"{&quot;stretch_section&quot;:&quot;section-stretched&quot;,&quot;background_background&quot;:&quot;classic&quot;}\">\n\t\t\t\t\t\t<div class=\"elementor-container elementor-column-gap-no\">\n\t\t\t\t\t<div class=\"elementor-column elementor-col-50 elementor-top-column elementor-element elementor-element-1e65f44 services_photo\" data-id=\"1e65f44\" data-element_type=\"column\" data-settings=\"{&quot;background_background&quot;:&quot;classic&quot;}\">\n\t\t\t<div class=\"elementor-widget-wrap\">\n\t\t\t\t\t<div class=\"elementor-background-overlay\"><\/div>\n\t\t\t\t\t\t\t<\/div>\n\t\t<\/div>\n\t\t\t\t<div class=\"elementor-column elementor-col-50 elementor-top-column elementor-element elementor-element-f5b275d\" data-id=\"f5b275d\" data-element_type=\"column\" data-settings=\"{&quot;background_background&quot;:&quot;classic&quot;}\">\n\t\t\t<div class=\"elementor-widget-wrap elementor-element-populated\">\n\t\t\t\t\t\t<section class=\"elementor-section elementor-inner-section elementor-element elementor-element-d8fed40 elementor-section-full_width elementor-section-height-default elementor-section-height-default\" data-id=\"d8fed40\" data-element_type=\"section\">\n\t\t\t\t\t\t\t<div class=\"elementor-background-overlay\"><\/div>\n\t\t\t\t\t\t\t<div class=\"elementor-container elementor-column-gap-wide\">\n\t\t\t\t\t<div class=\"elementor-column elementor-col-100 elementor-inner-column elementor-element elementor-element-f4c063b\" data-id=\"f4c063b\" data-element_type=\"column\">\n\t\t\t<div class=\"elementor-widget-wrap elementor-element-populated\">\n\t\t\t\t\t\t<div class=\"elementor-element elementor-element-cc6fe7c elementor-widget elementor-widget-heading\" data-id=\"cc6fe7c\" data-element_type=\"widget\" data-widget_type=\"heading.default\">\n\t\t\t\t\t<h2 class=\"elementor-heading-title elementor-size-default\">Scientifique \u00e9m\u00e9rite<\/h2>\t\t\t\t<\/div>\n\t\t\t\t<div class=\"elementor-element elementor-element-f298b39 elementor-widget elementor-widget-text-editor\" data-id=\"f298b39\" data-element_type=\"widget\" data-widget_type=\"text-editor.default\">\n\t\t\t\t\t\t\t\t\t<p>Le titre de scientifique \u00e9m\u00e9rite au LGL est une reconnaissance accord\u00e9e aux personnes qui ont consacr\u00e9 leur carri\u00e8re \u00e0 l&rsquo;avancement des connaissances et des pratiques scientifiques. Cette d\u00e9signation t\u00e9moigne de la contribution, de l&rsquo;expertise et du leadership exceptionnels d&rsquo;une personne au cours d&rsquo;une p\u00e9riode prolong\u00e9e. En r\u00e8gle g\u00e9n\u00e9rale, un scientifique \u00e9m\u00e9rite a atteint un statut distingu\u00e9 gr\u00e2ce \u00e0 des recherches novatrices, \u00e0 une r\u00e9solution innovante des probl\u00e8mes et \u00e0 des publications importantes qui ont influenc\u00e9 le domaine de la biologie appliqu\u00e9e. Cet honneur ne reconna\u00eet pas seulement leurs r\u00e9alisations pass\u00e9es, mais souligne \u00e9galement leur r\u00f4le permanent de mentor, de conseiller et d&rsquo;ambassadeur de la gestion de l&rsquo;environnement au sein de la communaut\u00e9 des consultants. Il repr\u00e9sente l&rsquo;aboutissement d&rsquo;un engagement de toute une vie en faveur des sciences de l&rsquo;environnement et souligne l&rsquo;impact durable de ces personnes sur la profession.<\/p>\t\t\t\t\t\t\t\t<\/div>\n\t\t\t\t<div class=\"elementor-element elementor-element-0d79126 elementor-align-center cta_employ elementor-widget elementor-widget-button\" data-id=\"0d79126\" data-element_type=\"widget\" data-widget_type=\"button.default\">\n\t\t\t\t\t\t\t\t\t\t<a class=\"elementor-button elementor-button-link elementor-size-sm\" href=\"https:\/\/lgl.com\/profile\/scientist-emeritus-gallaway-benny\" target=\"_blank\">\n\t\t\t\t\t\t<span class=\"elementor-button-content-wrapper\">\n\t\t\t\t\t\t<span class=\"elementor-button-icon\">\n\t\t\t\t<i aria-hidden=\"true\" class=\"fas fa-arrow-alt-circle-right\"><\/i>\t\t\t<\/span>\n\t\t\t\t\t\t\t\t\t<span class=\"elementor-button-text\">BENNY GALLAWAY<\/span>\n\t\t\t\t\t<\/span>\n\t\t\t\t\t<\/a>\n\t\t\t\t\t\t\t\t<\/div>\n\t\t\t\t<div class=\"elementor-element elementor-element-734bd8b elementor-align-center cta_employ elementor-widget elementor-widget-button\" data-id=\"734bd8b\" data-element_type=\"widget\" data-widget_type=\"button.default\">\n\t\t\t\t\t\t\t\t\t\t<a class=\"elementor-button elementor-button-link elementor-size-sm\" href=\"https:\/\/lgl.com\/profile\/scientist-emeritus-richardson-w-john\" target=\"_blank\">\n\t\t\t\t\t\t<span class=\"elementor-button-content-wrapper\">\n\t\t\t\t\t\t<span class=\"elementor-button-icon\">\n\t\t\t\t<i aria-hidden=\"true\" class=\"fas fa-arrow-alt-circle-right\"><\/i>\t\t\t<\/span>\n\t\t\t\t\t\t\t\t\t<span class=\"elementor-button-text\">W. JOHN RICHARDSON<\/span>\n\t\t\t\t\t<\/span>\n\t\t\t\t\t<\/a>\n\t\t\t\t\t\t\t\t<\/div>\n\t\t\t\t\t<\/div>\n\t\t<\/div>\n\t\t\t\t\t<\/div>\n\t\t<\/section>\n\t\t\t\t\t<\/div>\n\t\t<\/div>\n\t\t\t\t\t<\/div>\n\t\t<\/section>\n\t\t\t\t<\/div>\n\t\t","protected":false},"excerpt":{"rendered":"<p>SCIENTIFIQUE \u00c9M\u00c9RITE Scientifique \u00e9m\u00e9rite Le titre de scientifique \u00e9m\u00e9rite au LGL est une reconnaissance accord\u00e9e aux personnes qui ont consacr\u00e9 leur carri\u00e8re \u00e0 l&rsquo;avancement des connaissances<span class=\"excerpt-hellip\"> [\u2026]<\/span><\/p>\n","protected":false},"author":2,"featured_media":0,"parent":0,"menu_order":0,"comment_status":"closed","ping_status":"closed","template":"","meta":{"footnotes":""},"class_list":["post-9980","page","type-page","status-publish","hentry"],"_links":{"self":[{"href":"https:\/\/lgl.com\/fr\/wp-json\/wp\/v2\/pages\/9980","targetHints":{"allow":["GET"]}}],"collection":[{"href":"https:\/\/lgl.com\/fr\/wp-json\/wp\/v2\/pages"}],"about":[{"href":"https:\/\/lgl.com\/fr\/wp-json\/wp\/v2\/types\/page"}],"author":[{"embeddable":true,"href":"https:\/\/lgl.com\/fr\/wp-json\/wp\/v2\/users\/2"}],"replies":[{"embeddable":true,"href":"https:\/\/lgl.com\/fr\/wp-json\/wp\/v2\/comments?post=9980"}],"version-history":[{"count":4,"href":"https:\/\/lgl.com\/fr\/wp-json\/wp\/v2\/pages\/9980\/revisions"}],"predecessor-version":[{"id":13529,"href":"https:\/\/lgl.com\/fr\/wp-json\/wp\/v2\/pages\/9980\/revisions\/13529"}],"wp:attachment":[{"href":"https:\/\/lgl.com\/fr\/wp-json\/wp\/v2\/media?parent=9980"}],"curies":[{"name":"wp","href":"https:\/\/api.w.org\/{rel}","templated":true}]}}